{"id":67,"date":"2021-01-30T12:31:25","date_gmt":"2021-01-30T11:31:25","guid":{"rendered":"https:\/\/www.saegewerk-transporte.de\/de\/?post_type=product&#038;p=67"},"modified":"2022-11-07T11:22:50","modified_gmt":"2022-11-07T10:22:50","slug":"weinflaschenkartons","status":"publish","type":"product","link":"https:\/\/www.saegewerk-transporte.de\/de\/produkt\/weinflaschenkartons\/","title":{"rendered":"Weinflaschenkartons"},"content":{"rendered":"<p class=\"bodytext\">Diese Kartons sind f\u00fcr 12 Weinflaschen geeignet.<\/p>\n","protected":false},"excerpt":{"rendered":"<ul>\n<li>Diese Kartons sind f\u00fcr 12 Weinflaschen geeignet<\/li>\n<li>Kein R\u00fcckkauf<\/li>\n<\/ul>\n","protected":false},"featured_media":403,"template":"","meta":{"_et_pb_use_builder":"off","_et_pb_old_content":"<p class=\"bodytext\">Dies sind unsere Standardkartons, hier passen auch Ordner hinein. Bitte bef\u00fcllen Sie die Kartons bis max. 20 kg, Ihre Freunde, Bekannten und unsere Mitarbeiter werden es Ihnen danken. Im Gegensatz zu den meisten Kartons aus dem Baumarkt, bestehen unsere Umzugskartons aus 2 Lagen gewellter Pappe, mit Zwischenlage und besitzen ein doppeltes Griffsystem. Zus\u00e4tzlich haben unsere Kartons eingelassene Verst\u00e4rkungsb\u00e4nder \u00fcber den Griffen, wodurch die Kartons wesentlich robuster sind.\r\nDes Weiteren kaufen wir die Umzugskartons nach Ihrem Umzug zur\u00fcck, sollten diese noch einsatzf\u00e4hig sein, sodass Sie sich um die\r\nAufbewahrung oder Entsorgung der Kartons keine Gedanken machen m\u00fcssen.<\/p>\r\nMa\u00dfe in cm: (LxBxH) 50x35x37\r\nVolumen ca. 65l","_et_gb_content_width":""},"product_brand":[],"product_cat":[32],"product_tag":[],"class_list":{"0":"post-67","1":"product","2":"type-product","3":"status-publish","4":"has-post-thumbnail","6":"product_cat-kartons","8":"first","9":"instock","10":"taxable","11":"shipping-taxable","12":"purchasable","13":"product-type-simple"},"_links":{"self":[{"href":"https:\/\/www.saegewerk-transporte.de\/de\/wp-json\/wp\/v2\/product\/67","targetHints":{"allow":["GET"]}}],"collection":[{"href":"https:\/\/www.saegewerk-transporte.de\/de\/wp-json\/wp\/v2\/product"}],"about":[{"href":"https:\/\/www.saegewerk-transporte.de\/de\/wp-json\/wp\/v2\/types\/product"}],"wp:featuredmedia":[{"embeddable":true,"href":"https:\/\/www.saegewerk-transporte.de\/de\/wp-json\/wp\/v2\/media\/403"}],"wp:attachment":[{"href":"https:\/\/www.saegewerk-transporte.de\/de\/wp-json\/wp\/v2\/media?parent=67"}],"wp:term":[{"taxonomy":"product_brand","embeddable":true,"href":"https:\/\/www.saegewerk-transporte.de\/de\/wp-json\/wp\/v2\/product_brand?post=67"},{"taxonomy":"product_cat","embeddable":true,"href":"https:\/\/www.saegewerk-transporte.de\/de\/wp-json\/wp\/v2\/product_cat?post=67"},{"taxonomy":"product_tag","embeddable":true,"href":"https:\/\/www.saegewerk-transporte.de\/de\/wp-json\/wp\/v2\/product_tag?post=67"}],"curies":[{"name":"wp","href":"https:\/\/api.w.org\/{rel}","templated":true}]}}