{"id":64,"date":"2021-01-30T12:28:43","date_gmt":"2021-01-30T11:28:43","guid":{"rendered":"https:\/\/www.saegewerk-transporte.de\/de\/?post_type=product&#038;p=64"},"modified":"2022-11-07T11:19:24","modified_gmt":"2022-11-07T10:19:24","slug":"waeschekartons","status":"publish","type":"product","link":"https:\/\/www.saegewerk-transporte.de\/de\/produkt\/waeschekartons\/","title":{"rendered":"W\u00e4schekartons"},"content":{"rendered":"<p class=\"bodytext\">Extragro\u00dfe Kartons f\u00fcr leichte Dinge, wie Bettw\u00e4sche und Kleidung. F\u00fcr alles andere benutzen Sie besser unsere Standardkartons.<\/p>\n<p>Ma\u00dfe in cm: (LxBxH) 65x35x37<br \/>\nVolumen ca. 80l<\/p>\n","protected":false},"excerpt":{"rendered":"<ul>\n<li>Neu oder gebraucht<\/li>\n<li>R\u00fcckkauf: 1,00 Euro bei Selbstanlieferung<\/li>\n<li>R\u00fcckkauf: 0,75 \u20ac bei Abholung durch S\u00e4gewerk<\/li>\n<li>Ma\u00dfe in cm: (LxBxH) 65x35x37<\/li>\n<li>Volumen ca. 80l<\/li>\n<\/ul>\n","protected":false},"featured_media":404,"template":"","meta":{"_et_pb_use_builder":"off","_et_pb_old_content":"<p class=\"bodytext\">Dies sind unsere Standardkartons, hier passen auch Ordner hinein. Bitte bef\u00fcllen Sie die Kartons bis max. 20 kg, Ihre Freunde, Bekannten und unsere Mitarbeiter werden es Ihnen danken. Im Gegensatz zu den meisten Kartons aus dem Baumarkt, bestehen unsere Umzugskartons aus 2 Lagen gewellter Pappe, mit Zwischenlage und besitzen ein doppeltes Griffsystem. Zus\u00e4tzlich haben unsere Kartons eingelassene Verst\u00e4rkungsb\u00e4nder \u00fcber den Griffen, wodurch die Kartons wesentlich robuster sind.\r\nDes Weiteren kaufen wir die Umzugskartons nach Ihrem Umzug zur\u00fcck, sollten diese noch einsatzf\u00e4hig sein, sodass Sie sich um die\r\nAufbewahrung oder Entsorgung der Kartons keine Gedanken machen m\u00fcssen.<\/p>\r\nMa\u00dfe in cm: (LxBxH) 50x35x37\r\nVolumen ca. 65l","_et_gb_content_width":""},"product_brand":[],"product_cat":[32],"product_tag":[],"class_list":{"0":"post-64","1":"product","2":"type-product","3":"status-publish","4":"has-post-thumbnail","6":"product_cat-kartons","8":"first","9":"instock","10":"taxable","11":"shipping-taxable","12":"purchasable","13":"product-type-variable"},"_links":{"self":[{"href":"https:\/\/www.saegewerk-transporte.de\/de\/wp-json\/wp\/v2\/product\/64","targetHints":{"allow":["GET"]}}],"collection":[{"href":"https:\/\/www.saegewerk-transporte.de\/de\/wp-json\/wp\/v2\/product"}],"about":[{"href":"https:\/\/www.saegewerk-transporte.de\/de\/wp-json\/wp\/v2\/types\/product"}],"wp:featuredmedia":[{"embeddable":true,"href":"https:\/\/www.saegewerk-transporte.de\/de\/wp-json\/wp\/v2\/media\/404"}],"wp:attachment":[{"href":"https:\/\/www.saegewerk-transporte.de\/de\/wp-json\/wp\/v2\/media?parent=64"}],"wp:term":[{"taxonomy":"product_brand","embeddable":true,"href":"https:\/\/www.saegewerk-transporte.de\/de\/wp-json\/wp\/v2\/product_brand?post=64"},{"taxonomy":"product_cat","embeddable":true,"href":"https:\/\/www.saegewerk-transporte.de\/de\/wp-json\/wp\/v2\/product_cat?post=64"},{"taxonomy":"product_tag","embeddable":true,"href":"https:\/\/www.saegewerk-transporte.de\/de\/wp-json\/wp\/v2\/product_tag?post=64"}],"curies":[{"name":"wp","href":"https:\/\/api.w.org\/{rel}","templated":true}]}}