{"id":61,"date":"2021-01-30T12:20:32","date_gmt":"2021-01-30T11:20:32","guid":{"rendered":"https:\/\/www.saegewerk-transporte.de\/de\/?post_type=product&#038;p=61"},"modified":"2022-11-07T11:11:22","modified_gmt":"2022-11-07T10:11:22","slug":"kleiderkisten","status":"publish","type":"product","link":"https:\/\/www.saegewerk-transporte.de\/de\/produkt\/kleiderkisten\/","title":{"rendered":"Kleiderkisten"},"content":{"rendered":"<p class=\"bodytext\">Kleiderkisten mit einer Stange zum Aufh\u00e4ngen Ihrer Garderobe. So kommen Ihre Anz\u00fcge \/ Kleider knitterfrei in die neue Wohnung.<br \/>\nIm Gegensatz zu den meisten Kartons aus dem Baumarkt, bestehen unsere Kleiderboxen aus 2 Lagen gewellter Pappe und haben eine stabile Aluminiumschiene.<\/p>\n<p>Auch kaufen wir die Kleiderboxen nach Ihrem Umzug zur\u00fcck, sollten diese noch einsatzf\u00e4hig sein, so dass Sie sich um die Aufbewahrung oder Entsorgung der Kleiderboxen keine Gedanken machen m\u00fcssen.<\/p>\n<p class=\"bodytext\">Ma\u00dfe in cm: (LxBxH) 60 x 51 x 155<\/p>\n","protected":false},"excerpt":{"rendered":"<ul>\n<li>R\u00fcckkauf: 12,50 Euro<\/li>\n<li>Ma\u00dfe in cm: (LxBxH) 60x51x155<\/li>\n<li>Volumen ca. 49l<\/li>\n<\/ul>\n","protected":false},"featured_media":405,"template":"","meta":{"_et_pb_use_builder":"off","_et_pb_old_content":"<p class=\"bodytext\">Dies sind unsere Standardkartons, hier passen auch Ordner hinein. Bitte bef\u00fcllen Sie die Kartons bis max. 20 kg, Ihre Freunde, Bekannten und unsere Mitarbeiter werden es Ihnen danken. Im Gegensatz zu den meisten Kartons aus dem Baumarkt, bestehen unsere Umzugskartons aus 2 Lagen gewellter Pappe, mit Zwischenlage und besitzen ein doppeltes Griffsystem. Zus\u00e4tzlich haben unsere Kartons eingelassene Verst\u00e4rkungsb\u00e4nder \u00fcber den Griffen, wodurch die Kartons wesentlich robuster sind.\r\nDes Weiteren kaufen wir die Umzugskartons nach Ihrem Umzug zur\u00fcck, sollten diese noch einsatzf\u00e4hig sein, sodass Sie sich um die\r\nAufbewahrung oder Entsorgung der Kartons keine Gedanken machen m\u00fcssen.<\/p>\r\nMa\u00dfe in cm: (LxBxH) 50x35x37\r\nVolumen ca. 65l","_et_gb_content_width":""},"product_brand":[],"product_cat":[32],"product_tag":[],"class_list":{"0":"post-61","1":"product","2":"type-product","3":"status-publish","4":"has-post-thumbnail","6":"product_cat-kartons","8":"first","9":"instock","10":"taxable","11":"shipping-taxable","12":"purchasable","13":"product-type-simple"},"_links":{"self":[{"href":"https:\/\/www.saegewerk-transporte.de\/de\/wp-json\/wp\/v2\/product\/61","targetHints":{"allow":["GET"]}}],"collection":[{"href":"https:\/\/www.saegewerk-transporte.de\/de\/wp-json\/wp\/v2\/product"}],"about":[{"href":"https:\/\/www.saegewerk-transporte.de\/de\/wp-json\/wp\/v2\/types\/product"}],"wp:featuredmedia":[{"embeddable":true,"href":"https:\/\/www.saegewerk-transporte.de\/de\/wp-json\/wp\/v2\/media\/405"}],"wp:attachment":[{"href":"https:\/\/www.saegewerk-transporte.de\/de\/wp-json\/wp\/v2\/media?parent=61"}],"wp:term":[{"taxonomy":"product_brand","embeddable":true,"href":"https:\/\/www.saegewerk-transporte.de\/de\/wp-json\/wp\/v2\/product_brand?post=61"},{"taxonomy":"product_cat","embeddable":true,"href":"https:\/\/www.saegewerk-transporte.de\/de\/wp-json\/wp\/v2\/product_cat?post=61"},{"taxonomy":"product_tag","embeddable":true,"href":"https:\/\/www.saegewerk-transporte.de\/de\/wp-json\/wp\/v2\/product_tag?post=61"}],"curies":[{"name":"wp","href":"https:\/\/api.w.org\/{rel}","templated":true}]}}