{"id":453,"date":"2021-03-18T14:10:46","date_gmt":"2021-03-18T13:10:46","guid":{"rendered":"https:\/\/www.saegewerk-transporte.de\/de\/?post_type=product&#038;p=453"},"modified":"2022-11-07T11:55:10","modified_gmt":"2022-11-07T10:55:10","slug":"stretchfolie-300m-x-05m-rolle","status":"publish","type":"product","link":"https:\/\/www.saegewerk-transporte.de\/de\/produkt\/stretchfolie-300m-x-05m-rolle\/","title":{"rendered":"Stretchfolie 300m x 0,5m (Rolle)"},"content":{"rendered":"<ul>\n<li>Idealer Schutz vor Kratzer, Schmutz<\/li>\n<li>Schrankt\u00fcren bleiben zu und Schubladen rutschen nicht mehr raus<\/li>\n<li class=\"bodytext\">0,5 m breit<\/li>\n<li>Rolle mit 300 m<\/li>\n<\/ul>\n","protected":false},"excerpt":{"rendered":"<ul>\n<li>Idealer Schutz vor Kratzer, Schmutz<\/li>\n<li>Schrankt\u00fcren bleiben zu und Schubladen rutschen nicht mehr raus<\/li>\n<li class=\"bodytext\">0,5 m breit<\/li>\n<li>Rolle mit 300 m<\/li>\n<\/ul>\n","protected":false},"featured_media":451,"template":"","meta":{"_et_pb_use_builder":"off","_et_pb_old_content":"<p class=\"bodytext\">Dies sind unsere Standardkartons, hier passen auch Ordner hinein. Bitte bef\u00fcllen Sie die Kartons bis max. 20 kg, Ihre Freunde, Bekannten und unsere Mitarbeiter werden es Ihnen danken. Im Gegensatz zu den meisten Kartons aus dem Baumarkt, bestehen unsere Umzugskartons aus 2 Lagen gewellter Pappe, mit Zwischenlage und besitzen ein doppeltes Griffsystem. Zus\u00e4tzlich haben unsere Kartons eingelassene Verst\u00e4rkungsb\u00e4nder \u00fcber den Griffen, wodurch die Kartons wesentlich robuster sind.\r\nDes Weiteren kaufen wir die Umzugskartons nach Ihrem Umzug zur\u00fcck, sollten diese noch einsatzf\u00e4hig sein, sodass Sie sich um die\r\nAufbewahrung oder Entsorgung der Kartons keine Gedanken machen m\u00fcssen.<\/p>\r\nMa\u00dfe in cm: (LxBxH) 50x35x37\r\nVolumen ca. 65l","_et_gb_content_width":""},"product_brand":[],"product_cat":[35],"product_tag":[],"class_list":{"0":"post-453","1":"product","2":"type-product","3":"status-publish","4":"has-post-thumbnail","6":"product_cat-folien","8":"first","9":"instock","10":"taxable","11":"shipping-taxable","12":"purchasable","13":"product-type-simple"},"_links":{"self":[{"href":"https:\/\/www.saegewerk-transporte.de\/de\/wp-json\/wp\/v2\/product\/453","targetHints":{"allow":["GET"]}}],"collection":[{"href":"https:\/\/www.saegewerk-transporte.de\/de\/wp-json\/wp\/v2\/product"}],"about":[{"href":"https:\/\/www.saegewerk-transporte.de\/de\/wp-json\/wp\/v2\/types\/product"}],"wp:featuredmedia":[{"embeddable":true,"href":"https:\/\/www.saegewerk-transporte.de\/de\/wp-json\/wp\/v2\/media\/451"}],"wp:attachment":[{"href":"https:\/\/www.saegewerk-transporte.de\/de\/wp-json\/wp\/v2\/media?parent=453"}],"wp:term":[{"taxonomy":"product_brand","embeddable":true,"href":"https:\/\/www.saegewerk-transporte.de\/de\/wp-json\/wp\/v2\/product_brand?post=453"},{"taxonomy":"product_cat","embeddable":true,"href":"https:\/\/www.saegewerk-transporte.de\/de\/wp-json\/wp\/v2\/product_cat?post=453"},{"taxonomy":"product_tag","embeddable":true,"href":"https:\/\/www.saegewerk-transporte.de\/de\/wp-json\/wp\/v2\/product_tag?post=453"}],"curies":[{"name":"wp","href":"https:\/\/api.w.org\/{rel}","templated":true}]}}