{"id":238923,"date":"2021-06-14T13:48:51","date_gmt":"2021-06-14T11:48:51","guid":{"rendered":"https:\/\/www.saegewerk-transporte.de\/de\/?post_type=product&#038;p=238923"},"modified":"2025-11-26T13:30:19","modified_gmt":"2025-11-26T12:30:19","slug":"meerbusch","status":"publish","type":"product","link":"https:\/\/www.saegewerk-transporte.de\/de\/produkt\/meerbusch\/","title":{"rendered":"Meerbusch"},"content":{"rendered":"<p><span style=\"color: #cd2626;\"><strong>WICHTIG BEI BESTELLUNG OHNE GENEHMIGUNG:<\/strong><\/span><\/p>\n<p>Arbeitsstellen im \u00f6ffentlichen Verkehrsraum stellen Gefahrenquellen dar, vor denen die Verkehrsteilnehmer insbesondere Kinder und \u00e4ltere Menschen gesch\u00fctzt werden m\u00fcssen.<br \/>\nVerkehrssicherungspflichtig ist derjenige, der eine Gefahrenquelle f\u00fcr andere schafft. Der Verkehrssicherungspflichtige hat daher die ihm zumutbaren Ma\u00dfnahmen und Vorkehrungen zu treffen, die zur Abwendung der drohenden Gefahren f\u00fcr die Verkehrsteilnehmer notwendig sind.<\/p>\n<p>Gem. \u00a7 45 Abs. 6 der Stra\u00dfenverkehrs-Ordnung sind grunds\u00e4tzlich die Bauunternehmen\/Unternehmen\u00a0verpflichtet, sich vor dem Beginn von Arbeiten, die sich auf den Stra\u00dfenverkehr auswirken, von der zust\u00e4ndigen Beh\u00f6rde Anordnungen \u00fcber die Absperrung und Kennzeichnung ihrer Arbeitsstellen einzuholen.<\/p>\n<p><strong>Wenn Sie die Einrichtung einer Halteverbotszone ohne Genehmigung durch unser Unternehmen gew\u00e4hlt haben, sind Sie verpflichtet, diese f\u00fcr den beantragten Zeitpunkt vorzuhalten.<\/strong><\/p>\n<p>Grunds\u00e4tzlich gilt, dass ohne Genehmigung keine Halteverbotsschilder im \u00f6ffentlichen Raum aufgestellt werden d\u00fcrfen. Die Schilder m\u00fcssen genau so aufgestellt werden, wie dies in der Genehmigung beschrieben wird. Die Beh\u00f6rde kann unter Umst\u00e4nden Einschr\u00e4nkungen machen, wenn beispielsweise Behindertenparkpl\u00e4tze von einer mobilen Halteverbotszone betroffen w\u00e4ren.<br \/>\nSollte es Unklarheiten geben, setzen Sie sich bitte VOR der Bestellung mit uns in Verbindung.<\/p>\n","protected":false},"excerpt":{"rendered":"<p>Ein Umzug kann ohne ein Halteverbot stressig werden, warum? Stellen Sie sich vor, alle Parkpl\u00e4tze sind blockiert, wenn Sie mit gepackten Sachen vor Ihrer neuen Wohnung stehen, eine schwei\u00dftreibende Vorstellung als Laie. Dies kann au\u00dferdem zu Stress und schlechter Laune beim Umzug f\u00fchren sowie zu ungeplanten Kosten, zum Beispiel durch einen l\u00e4ngeren Einsatz des Umzugsunternehmens.<\/p>\n","protected":false},"featured_media":238902,"template":"","meta":{"_et_pb_use_builder":"off","_et_pb_old_content":"<span style=\"color: #cd2626\"><strong>WICHTIG BEI BESTELLUNG OHNE GENEHMIGUNG:<\/strong><\/span>\r\n\r\nArbeitsstellen im \u00f6ffentlichen Verkehrsraum stellen Gefahrenquellen dar, vor denen die Verkehrsteilnehmer insbesondere Kinder und \u00e4ltere Menschen gesch\u00fctzt werden m\u00fcssen.\r\nVerkehrssicherungspflichtig ist derjenige, der eine Gefahrenquelle f\u00fcr andere schafft. Der Verkehrssicherungspflichtige hat daher die ihm zumutbaren Ma\u00dfnahmen und Vorkehrungen zu treffen, die zur Abwendung der drohenden Gefahren f\u00fcr die Verkehrsteilnehmer notwendig sind.\r\n\r\nGem. \u00a7 45 Abs. 6 der Stra\u00dfenverkehrs-Ordnung sind grunds\u00e4tzlich die Bauunternehmen\/Unternehmen und auch verpflichtet,sich vor dem Beginn von Arbeiten, die sich auf den Stra\u00dfenverkehr auswirken, von der zust\u00e4ndigen Beh\u00f6rde Anordnungen \u00fcber die Absperrung und Kennzeichnung ihrer Arbeitsstellen einzuholen.\r\n\r\n<strong>Wenn Sie die Einrichtung einer Halteverbotszone ohne Genehmigung durch unser Unternehmen gew\u00e4hlt haben, sind Sie verpflichtet, diese f\u00fcr den beantragten Zeitpunkt vorzuhalten.<\/strong>\r\n\r\nGrunds\u00e4tzlich gilt, da\u00df ohne Genehmigung keine Halteverbotsschilder im \u00f6ffentlichen Raum aufgestellt werden d\u00fcrfen.Die Schilder m\u00fcssen genau so aufgestellt werden, wie dies in der Genehmigung beschrieben wird. Die Beh\u00f6rde kann unter Umst\u00e4nden Einschr\u00e4nkungen machen, wenn beispielsweise Behindertenparkpl\u00e4tze von einer mobilen Halteverbotszone betroffen w\u00e4ren.\r\nSollte es Unklarheiten geben, setzen Sie sich bitte VOR der Bestellung mit uns in Verbindung.","_et_gb_content_width":""},"product_brand":[],"product_cat":[48],"product_tag":[],"class_list":{"0":"post-238923","1":"product","2":"type-product","3":"status-publish","4":"has-post-thumbnail","6":"product_cat-halteverbotszonen","7":"product_shipping_class-halteverbotszonen","8":"wcpa_has_options","10":"first","11":"instock","12":"featured","13":"taxable","14":"shipping-taxable","15":"purchasable","16":"product-type-variable"},"_links":{"self":[{"href":"https:\/\/www.saegewerk-transporte.de\/de\/wp-json\/wp\/v2\/product\/238923","targetHints":{"allow":["GET"]}}],"collection":[{"href":"https:\/\/www.saegewerk-transporte.de\/de\/wp-json\/wp\/v2\/product"}],"about":[{"href":"https:\/\/www.saegewerk-transporte.de\/de\/wp-json\/wp\/v2\/types\/product"}],"wp:featuredmedia":[{"embeddable":true,"href":"https:\/\/www.saegewerk-transporte.de\/de\/wp-json\/wp\/v2\/media\/238902"}],"wp:attachment":[{"href":"https:\/\/www.saegewerk-transporte.de\/de\/wp-json\/wp\/v2\/media?parent=238923"}],"wp:term":[{"taxonomy":"product_brand","embeddable":true,"href":"https:\/\/www.saegewerk-transporte.de\/de\/wp-json\/wp\/v2\/product_brand?post=238923"},{"taxonomy":"product_cat","embeddable":true,"href":"https:\/\/www.saegewerk-transporte.de\/de\/wp-json\/wp\/v2\/product_cat?post=238923"},{"taxonomy":"product_tag","embeddable":true,"href":"https:\/\/www.saegewerk-transporte.de\/de\/wp-json\/wp\/v2\/product_tag?post=238923"}],"curies":[{"name":"wp","href":"https:\/\/api.w.org\/{rel}","templated":true}]}}