{"id":972,"date":"2021-04-19T12:23:31","date_gmt":"2021-04-19T10:23:31","guid":{"rendered":"https:\/\/www.saegewerk-transporte.de\/de\/?page_id=972"},"modified":"2021-06-09T14:22:42","modified_gmt":"2021-06-09T12:22:42","slug":"beiladungen","status":"publish","type":"page","link":"https:\/\/www.saegewerk-transporte.de\/de\/beiladungen\/","title":{"rendered":"Beiladungen"},"content":{"rendered":"<p>[et_pb_section fb_built=&#8220;1&#8243; _builder_version=&#8220;4.9.1&#8243; _module_preset=&#8220;default&#8220; custom_margin=&#8220;0px||0px||false|false&#8220; custom_padding=&#8220;0px||0px||false|false&#8220;][et_pb_row _builder_version=&#8220;4.9.1&#8243; _module_preset=&#8220;default&#8220; background_image=&#8220;https:\/\/www.saegewerk-transporte.de\/de\/wp-content\/uploads\/2021\/03\/header-bunt.jpg&#8220; width=&#8220;100%&#8220; max_width=&#8220;100%&#8220; height=&#8220;100px&#8220; custom_margin=&#8220;0px||0px||false|false&#8220; custom_padding=&#8220;0px||0px||false|false&#8220;][et_pb_column type=&#8220;4_4&#8243; _builder_version=&#8220;4.9.1&#8243; _module_preset=&#8220;default&#8220;][et_pb_text admin_label=&#8220;stressfreier umzugsservice&#8220; _builder_version=&#8220;4.9.2&#8243; text_font=&#8220;||||||||&#8220; text_text_color=&#8220;#000000&#8243; text_font_size=&#8220;18px&#8220; text_line_height=&#8220;2.1em&#8220; header_font=&#8220;Oswald|500|||||||&#8220; header_text_color=&#8220;#141414&#8243; header_font_size=&#8220;60px&#8220; header_line_height=&#8220;1.4em&#8220; background_layout=&#8220;dark&#8220; custom_margin=&#8220;||||false|false&#8220; custom_padding=&#8220;||||false|false&#8220; text_font_size_tablet=&#8220;&#8220; text_font_size_phone=&#8220;15px&#8220; text_font_size_last_edited=&#8220;on|phone&#8220; header_font_tablet=&#8220;&#8220; header_font_phone=&#8220;&#8220; header_font_last_edited=&#8220;on|phone&#8220; header_font_size_tablet=&#8220;39px&#8220; header_font_size_phone=&#8220;31px&#8220; header_font_size_last_edited=&#8220;on|desktop&#8220; header_text_shadow_style=&#8220;preset1&#8243; header_text_shadow_horizontal_length=&#8220;0.03em&#8220; header_text_shadow_vertical_length=&#8220;0.01em&#8220; header_text_shadow_color=&#8220;#FFFFFF&#8220;]<\/p>\n<h1 style=\"text-align: center;\">Stressfreier Umzugs-Service &#8211; <a href=\"tel:+492112395513\">0211 239 55 13<\/a><\/h1>\n<p>[\/et_pb_text][\/et_pb_column][\/et_pb_row][\/et_pb_section][et_pb_section fb_built=&#8220;1&#8243; _builder_version=&#8220;4.9.3&#8243; background_color=&#8220;#FFFFFF&#8220; height=&#8220;60px&#8220; custom_margin=&#8220;0px|0px|0px|0px|false|false&#8220; custom_padding=&#8220;0px|0px|0px|0px|false|false&#8220; box_shadow_style=&#8220;preset3&#8243; box_shadow_vertical=&#8220;4px&#8220; box_shadow_spread=&#8220;-5px&#8220; box_shadow_color=&#8220;rgba(0,0,0,0.53)&#8220;][et_pb_row _builder_version=&#8220;4.9.3&#8243; background_size=&#8220;initial&#8220; background_position=&#8220;top_left&#8220; background_repeat=&#8220;repeat&#8220; height=&#8220;6px&#8220; custom_margin=&#8220;0px||0px||false|false&#8220; custom_padding=&#8220;15px||0px||false|false&#8220;][et_pb_column type=&#8220;4_4&#8243; _builder_version=&#8220;4.9.3&#8243; _module_preset=&#8220;default&#8220;][et_pb_menu menu_style=&#8220;centered&#8220; active_link_color=&#8220;#000000&#8243; _builder_version=&#8220;4.9.3&#8243; _module_preset=&#8220;default&#8220; menu_font=&#8220;|600|||||||&#8220; menu_text_color=&#8220;#000000&#8243; menu_font_size=&#8220;20px&#8220;][\/et_pb_menu][\/et_pb_column][\/et_pb_row][\/et_pb_section][et_pb_section fb_built=&#8220;1&#8243; _builder_version=&#8220;4.9.3&#8243; _module_preset=&#8220;default&#8220;][et_pb_row _builder_version=&#8220;4.9.3&#8243; _module_preset=&#8220;default&#8220;][et_pb_column type=&#8220;4_4&#8243; _builder_version=&#8220;4.9.3&#8243; _module_preset=&#8220;default&#8220;][et_pb_text _builder_version=&#8220;4.9.4&#8243; _module_preset=&#8220;default&#8220; hover_enabled=&#8220;0&#8243; sticky_enabled=&#8220;0&#8243;]<\/p>\n<h1>Beiladungen<\/h1>\n<p><strong>Manchmal muss es kein kompletter Umzug sein. Allein der Transport von einzelnen M\u00f6belst\u00fccken ist manchmal schon eine Herausforderung. Haben Sie nur kleines Umzugsgut zu transportieren, realisieren wir diese Transporte auch gerne als sogenannte Beiladungen. Wir bieten noch nicht ganz ausgesch\u00f6pfte Ladefl\u00e4che zu attraktiven Konditionen oder stellen einen LKW-Anh\u00e4nger zur Verf\u00fcgung. So kann ein Umzug mit uns kosteng\u00fcnstig durchgef\u00fchrt werden. National und International.<\/strong><\/p>\n<p>Wenn einzelne M\u00f6belst\u00fccke von A nach B transportiert werden m\u00fcssen, dann sprechen wir nicht immer \u00fcber einen Komplettumzug. Mit sogenannten Beiladungen sparen Sie bares Geld. Besonders bei kleineren Privat-Umz\u00fcgen lohnt sich deshalb die Inanspruchnahme dieses Services von S\u00e4gewerk Transporte. Hierbei werden einzelne M\u00f6bel bzw. Gegenst\u00e4nde von einer Spedition zusammen mit anderen G\u00fctern, die nicht die gesamte Ladefl\u00e4che beanspruchen, transportiert. Auf diese Weise vermeiden Speditionen halbvolle oder sogar komplett leere Fahrten und Sie sparen bares Geld f\u00fcr den Transport. Wenn Sie Beiladungen f\u00fcr Ihre M\u00f6bel nutzen, ist es wichtig, genug Zeit einzuplanen. Wichtig ist, dass Ihr Ziel auf dem Weg liegt und gut zu erreichen ist. Wir planen die Details f\u00fcr Sie und finden ein passendes Zeitfenster.<br \/>Ein weiterer Vorteil von Beiladungen ist die Umweltschonung. Durch die Zusammenarbeit zwischen S\u00e4gewerk Transporte und Spedition werden die Fahrtwege effizienter genutzt \u2013 davon profitieren alle Parteien und die Umwelt auch. Sparen Sie sich das lange Suchen und \u00fcberlassen Sie uns diesen Job \u2013 wir finden f\u00fcr Sie die beste M\u00f6glichkeit f\u00fcr eine Beiladung!<\/p>\n<p><strong>Telefon<\/strong> <a href=\"tel:+492112395513\" title=\"Direktwahl nur f\u00fcr Mobilger\u00e4te\">0211 239 55 13<\/a><br \/><a href=\"mailto:info@saegewerk-transporte.de\" title=\"Schreiben Sie uns eine E-Mail\">info@saegewerk-transporte.de<\/a><\/p>\n<p>[\/et_pb_text][\/et_pb_column][\/et_pb_row][et_pb_row _builder_version=&#8220;4.9.4&#8243; _module_preset=&#8220;default&#8220;][et_pb_column type=&#8220;4_4&#8243; _builder_version=&#8220;4.9.4&#8243; _module_preset=&#8220;default&#8220;][et_pb_text _builder_version=&#8220;4.9.4&#8243; _module_preset=&#8220;default&#8220;]<\/p>\n\n<table id=\"tablepress-1\" class=\"tablepress tablepress-id-1\">\n<thead>\n<tr class=\"row-1\">\n\t<th class=\"column-1\">Datum<\/th><th class=\"column-2\">von<\/th><th class=\"column-3\">\u00fcber<\/th><th class=\"column-4\">nach<\/th><th class=\"column-5\">Status<\/th>\n<\/tr>\n<\/thead>\n<tbody class=\"row-striping row-hover\">\n<tr class=\"row-2\">\n\t<td class=\"column-1\">KW 17<\/td><td class=\"column-2\">D\u00fcsseldorf<\/td><td class=\"column-3\">48231 Warendorf<\/td><td class=\"column-4\">D\u00fcsseldorf<\/td><td class=\"column-5\">ok<\/td>\n<\/tr>\n<tr class=\"row-3\">\n\t<td class=\"column-1\">KW 17<\/td><td class=\"column-2\">D\u00fcsseldorf<\/td><td class=\"column-3\">66578 Schiffweiler-Heiligenwald<\/td><td class=\"column-4\">D\u00fcsseldorf<\/td><td class=\"column-5\">ok<\/td>\n<\/tr>\n<tr class=\"row-4\">\n\t<td class=\"column-1\">KW 17<\/td><td class=\"column-2\">D\u00fcsseldorf<\/td><td class=\"column-3\">39517 Burgstall<\/td><td class=\"column-4\">D\u00fcsseldorf<\/td><td class=\"column-5\">ok<\/td>\n<\/tr>\n<tr class=\"row-5\">\n\t<td class=\"column-1\">KW 18<\/td><td class=\"column-2\">D\u00fcsseldorf<\/td><td class=\"column-3\">52391 Vettwei\u00df<\/td><td class=\"column-4\">D\u00fcsseldorf<\/td><td class=\"column-5\">ok<\/td>\n<\/tr>\n<tr class=\"row-6\">\n\t<td class=\"column-1\">KW 18<\/td><td class=\"column-2\">D\u00fcsseldorf<\/td><td class=\"column-3\">74357 B\u00f6nnigheim<\/td><td class=\"column-4\">D\u00fcsseldorf<\/td><td class=\"column-5\">ok<\/td>\n<\/tr>\n<tr class=\"row-7\">\n\t<td class=\"column-1\">KW 19<\/td><td class=\"column-2\">D\u00fcsseldorf<\/td><td class=\"column-3\">71717 Beilstein<\/td><td class=\"column-4\">D\u00fcsseldorf<\/td><td class=\"column-5\">ok<\/td>\n<\/tr>\n<tr class=\"row-8\">\n\t<td class=\"column-1\">KW 20<\/td><td class=\"column-2\">D\u00fcsseldorf<\/td><td class=\"column-3\">48155 M\u00fcnster<\/td><td class=\"column-4\">D\u00fcsseldorf<\/td><td class=\"column-5\">ok<\/td>\n<\/tr>\n<tr class=\"row-9\">\n\t<td class=\"column-1\">KW 21<\/td><td class=\"column-2\">D\u00fcsseldorf<\/td><td class=\"column-3\">24937 Flensburg - <br \/>\n6470 Lebol D\u00e4nemark - <br \/>\n23774 Heiligenhafen<\/td><td class=\"column-4\">D\u00fcsseldorf<\/td><td class=\"column-5\">ok<\/td>\n<\/tr>\n<tr class=\"row-10\">\n\t<td class=\"column-1\">KW 25<\/td><td class=\"column-2\">\/<\/td><td class=\"column-3\">26382 Wilhelmshaven<\/td><td class=\"column-4\">D\u00fcsseldorf<\/td><td class=\"column-5\">ok<\/td>\n<\/tr>\n<tr class=\"row-11\">\n\t<td class=\"column-1\">KW 28<\/td><td class=\"column-2\">D\u00fcsseldorf<\/td><td class=\"column-3\">1190 Belgien<\/td><td class=\"column-4\">D\u00fcsseldorf<\/td><td class=\"column-5\">ok<\/td>\n<\/tr>\n<\/tbody>\n<\/table>\n<!-- #tablepress-1 from cache -->\n<p>[\/et_pb_text][\/et_pb_column][\/et_pb_row][\/et_pb_section]<\/p>\n","protected":false},"excerpt":{"rendered":"<p>Stressfreier Umzugs-Service &#8211; 0211 239 55 13Beiladungen Manchmal muss es kein kompletter Umzug sein. Allein der Transport von einzelnen M\u00f6belst\u00fccken ist manchmal schon eine Herausforderung. Haben Sie nur kleines Umzugsgut zu transportieren, realisieren wir diese Transporte auch gerne als sogenannte Beiladungen. Wir bieten noch nicht ganz ausgesch\u00f6pfte Ladefl\u00e4che zu attraktiven Konditionen oder stellen einen LKW-Anh\u00e4nger [&hellip;]<\/p>\n","protected":false},"author":1,"featured_media":0,"parent":0,"menu_order":0,"comment_status":"closed","ping_status":"closed","template":"","meta":{"_et_pb_use_builder":"on","_et_pb_old_content":"","_et_gb_content_width":"","footnotes":""},"class_list":["post-972","page","type-page","status-publish","hentry"],"_links":{"self":[{"href":"https:\/\/www.saegewerk-transporte.de\/de\/wp-json\/wp\/v2\/pages\/972","targetHints":{"allow":["GET"]}}],"collection":[{"href":"https:\/\/www.saegewerk-transporte.de\/de\/wp-json\/wp\/v2\/pages"}],"about":[{"href":"https:\/\/www.saegewerk-transporte.de\/de\/wp-json\/wp\/v2\/types\/page"}],"author":[{"embeddable":true,"href":"https:\/\/www.saegewerk-transporte.de\/de\/wp-json\/wp\/v2\/users\/1"}],"replies":[{"embeddable":true,"href":"https:\/\/www.saegewerk-transporte.de\/de\/wp-json\/wp\/v2\/comments?post=972"}],"version-history":[{"count":3,"href":"https:\/\/www.saegewerk-transporte.de\/de\/wp-json\/wp\/v2\/pages\/972\/revisions"}],"predecessor-version":[{"id":238815,"href":"https:\/\/www.saegewerk-transporte.de\/de\/wp-json\/wp\/v2\/pages\/972\/revisions\/238815"}],"wp:attachment":[{"href":"https:\/\/www.saegewerk-transporte.de\/de\/wp-json\/wp\/v2\/media?parent=972"}],"curies":[{"name":"wp","href":"https:\/\/api.w.org\/{rel}","templated":true}]}}