{"id":958,"date":"2021-04-19T12:17:20","date_gmt":"2021-04-19T10:17:20","guid":{"rendered":"https:\/\/www.saegewerk-transporte.de\/de\/?page_id=958"},"modified":"2021-06-09T14:21:12","modified_gmt":"2021-06-09T12:21:12","slug":"montagearbeiten-2","status":"publish","type":"page","link":"https:\/\/www.saegewerk-transporte.de\/de\/montagearbeiten-2\/","title":{"rendered":"Montagearbeiten"},"content":{"rendered":"<p>[et_pb_section fb_built=&#8220;1&#8243; _builder_version=&#8220;4.9.1&#8243; _module_preset=&#8220;default&#8220; custom_margin=&#8220;0px||0px||false|false&#8220; custom_padding=&#8220;0px||0px||false|false&#8220;][et_pb_row _builder_version=&#8220;4.9.1&#8243; _module_preset=&#8220;default&#8220; background_image=&#8220;https:\/\/www.saegewerk-transporte.de\/de\/wp-content\/uploads\/2021\/03\/header-bunt.jpg&#8220; width=&#8220;100%&#8220; max_width=&#8220;100%&#8220; height=&#8220;100px&#8220; custom_margin=&#8220;0px||0px||false|false&#8220; custom_padding=&#8220;0px||0px||false|false&#8220;][et_pb_column type=&#8220;4_4&#8243; _builder_version=&#8220;4.9.1&#8243; _module_preset=&#8220;default&#8220;][et_pb_text admin_label=&#8220;stressfreier umzugsservice&#8220; _builder_version=&#8220;4.9.2&#8243; text_font=&#8220;||||||||&#8220; text_text_color=&#8220;#000000&#8243; text_font_size=&#8220;18px&#8220; text_line_height=&#8220;2.1em&#8220; header_font=&#8220;Oswald|500|||||||&#8220; header_text_color=&#8220;#141414&#8243; header_font_size=&#8220;60px&#8220; header_line_height=&#8220;1.4em&#8220; background_layout=&#8220;dark&#8220; custom_margin=&#8220;||||false|false&#8220; custom_padding=&#8220;||||false|false&#8220; text_font_size_tablet=&#8220;&#8220; text_font_size_phone=&#8220;15px&#8220; text_font_size_last_edited=&#8220;on|phone&#8220; header_font_tablet=&#8220;&#8220; header_font_phone=&#8220;&#8220; header_font_last_edited=&#8220;on|phone&#8220; header_font_size_tablet=&#8220;39px&#8220; header_font_size_phone=&#8220;31px&#8220; header_font_size_last_edited=&#8220;on|desktop&#8220; header_text_shadow_style=&#8220;preset1&#8243; header_text_shadow_horizontal_length=&#8220;0.03em&#8220; header_text_shadow_vertical_length=&#8220;0.01em&#8220; header_text_shadow_color=&#8220;#FFFFFF&#8220;]<\/p>\n<h1 style=\"text-align: center;\">Stressfreier Umzugs-Service &#8211; <a href=\"tel:+492112395513\">0211 239 55 13<\/a><\/h1>\n<p>[\/et_pb_text][\/et_pb_column][\/et_pb_row][\/et_pb_section][et_pb_section fb_built=&#8220;1&#8243; _builder_version=&#8220;4.9.3&#8243; background_color=&#8220;#FFFFFF&#8220; height=&#8220;60px&#8220; custom_margin=&#8220;0px|0px|0px|0px|false|false&#8220; custom_padding=&#8220;0px|0px|0px|0px|false|false&#8220; box_shadow_style=&#8220;preset3&#8243; box_shadow_vertical=&#8220;4px&#8220; box_shadow_spread=&#8220;-5px&#8220; box_shadow_color=&#8220;rgba(0,0,0,0.53)&#8220;][et_pb_row _builder_version=&#8220;4.9.3&#8243; background_size=&#8220;initial&#8220; background_position=&#8220;top_left&#8220; background_repeat=&#8220;repeat&#8220; height=&#8220;6px&#8220; custom_margin=&#8220;0px||0px||false|false&#8220; custom_padding=&#8220;15px||0px||false|false&#8220;][et_pb_column type=&#8220;4_4&#8243; _builder_version=&#8220;4.9.3&#8243; _module_preset=&#8220;default&#8220;][et_pb_menu menu_style=&#8220;centered&#8220; active_link_color=&#8220;#000000&#8243; _builder_version=&#8220;4.9.3&#8243; _module_preset=&#8220;default&#8220; menu_font=&#8220;|600|||||||&#8220; menu_text_color=&#8220;#000000&#8243; menu_font_size=&#8220;20px&#8220;][\/et_pb_menu][\/et_pb_column][\/et_pb_row][\/et_pb_section][et_pb_section fb_built=&#8220;1&#8243; _builder_version=&#8220;3.22&#8243;][et_pb_row _builder_version=&#8220;3.25&#8243; background_size=&#8220;initial&#8220; background_position=&#8220;top_left&#8220; background_repeat=&#8220;repeat&#8220;][et_pb_column type=&#8220;4_4&#8243; _builder_version=&#8220;3.25&#8243; custom_padding=&#8220;|||&#8220; custom_padding__hover=&#8220;|||&#8220;][et_pb_text _builder_version=&#8220;4.9.4&#8243; background_size=&#8220;initial&#8220; background_position=&#8220;top_left&#8220; background_repeat=&#8220;repeat&#8220; hover_enabled=&#8220;0&#8243; sticky_enabled=&#8220;0&#8243;]<\/p>\n<h1>Montagearbeiten<\/h1>\n<p><strong>M\u00f6bel abzubauen und wieder neu zu montieren kann wirklich Nerven kosten! Das richtige Werkzeug, Kenntnisse dar\u00fcber wie ein M\u00f6bel aufgebaut ist und welche Tricks es f\u00fcr eine fachkundige Demontage und erneute Montage gibt sind Grundvoraussetzungen f\u00fcr zwei entscheidende Punkte:<\/strong><\/p>\n<p>Die Punkte sind:<\/p>\n<ol>\n<li>Wird das M\u00f6belst\u00fcck ohne es zu besch\u00e4digen auseinandergebaut.<\/li>\n<li>Wird es so zusammengebaut, dass Funktion und Optik unver\u00e4ndert gut sind.<\/li>\n<\/ol>\n<p>Den zuverl\u00e4ssigen, gewissenhaften Ab- und Wiederaufbau Ihrer M\u00f6bel \u00fcbernehmen unsere M\u00f6belmonteure gern f\u00fcr Sie. Wir k\u00f6nnen daf\u00fcr garantieren, weil wir vor einigen Jahren eine Spezialfirma \u00fcbernommen haben, die sich ausschlie\u00dflich mit dem Thema M\u00f6belmontage befasst hat.<\/p>\n<p>Ob das Sideboard, das Bett oder die Vitrine mit Glast\u00fcren. Alles was f\u00fcr einen Umzug demontiert werden muss ist bei S\u00e4gewerk Transporte in besten H\u00e4nden. Unsere erfahrenen Monteure sind Experten und bestens geschult im Auf- und Abbau Ihrer M\u00f6belst\u00fccke. Und wenn die K\u00fcche mit umziehen soll, dann sind wir auch daf\u00fcr Ihre Ansprechpartner. K\u00fcchenmontagearbeiten erledigen unsere geschulten K\u00fcchenmonteure ganz nach Ihren W\u00fcnschen, nach Absprache auch mit Strom- und Wasseranschluss. Damit haben Sie alles aus einer Hand \u2013 zuverl\u00e4ssig versiert und sicher. Denn kaum etwas ist schlimmer als eine nicht funktionierende K\u00fcche nach dem Umzug. Auch Neum\u00f6belmontagen bieten wir bei Bedarf gern an. F\u00fcr n\u00e4here Informationen setzen Sie sich bitte mit unserem B\u00fcro in Verbindung:<\/p>\n<p><strong>Telefon<\/strong> <a href=\"tel:+492112395513\" title=\"Direktwahl nur f\u00fcr Mobilger\u00e4te\">0211 239 55 13<\/a><br \/><a href=\"mailto:info@saegewerk-transporte.de\" title=\"Schreiben Sie uns eine E-Mail\">info@saegewerk-transporte.de<\/a><\/p>\n<p>[\/et_pb_text][\/et_pb_column][\/et_pb_row][\/et_pb_section]<\/p>\n","protected":false},"excerpt":{"rendered":"<p>Stressfreier Umzugs-Service &#8211; 0211 239 55 13Montagearbeiten M\u00f6bel abzubauen und wieder neu zu montieren kann wirklich Nerven kosten! Das richtige Werkzeug, Kenntnisse dar\u00fcber wie ein M\u00f6bel aufgebaut ist und welche Tricks es f\u00fcr eine fachkundige Demontage und erneute Montage gibt sind Grundvoraussetzungen f\u00fcr zwei entscheidende Punkte: Die Punkte sind: Wird das M\u00f6belst\u00fcck ohne es zu [&hellip;]<\/p>\n","protected":false},"author":1,"featured_media":0,"parent":0,"menu_order":0,"comment_status":"closed","ping_status":"closed","template":"","meta":{"_et_pb_use_builder":"on","_et_pb_old_content":"<p>Die Punkte sind:<\/p><ol><li>Wird das M\u00f6belst\u00fcck ohne es zu besch\u00e4digen auseinandergebaut.<\/li><li>Wird es so zusammengebaut, dass Funktion und Optik unver\u00e4ndert gut sind.<\/li><\/ol><p>Den zuverl\u00e4ssigen, gewissenhaften Ab- und Wiederaufbau Ihrer M\u00f6bel \u00fcbernehmen unsere M\u00f6belmonteure gern f\u00fcr Sie. Wir k\u00f6nnen daf\u00fcr garantieren, weil wir vor einigen Jahren eine Spezialfirma \u00fcbernommen haben, die sich ausschlie\u00dflich mit dem Thema M\u00f6belmontage befasst hat.<\/p>","_et_gb_content_width":"","footnotes":""},"class_list":["post-958","page","type-page","status-publish","hentry"],"_links":{"self":[{"href":"https:\/\/www.saegewerk-transporte.de\/de\/wp-json\/wp\/v2\/pages\/958","targetHints":{"allow":["GET"]}}],"collection":[{"href":"https:\/\/www.saegewerk-transporte.de\/de\/wp-json\/wp\/v2\/pages"}],"about":[{"href":"https:\/\/www.saegewerk-transporte.de\/de\/wp-json\/wp\/v2\/types\/page"}],"author":[{"embeddable":true,"href":"https:\/\/www.saegewerk-transporte.de\/de\/wp-json\/wp\/v2\/users\/1"}],"replies":[{"embeddable":true,"href":"https:\/\/www.saegewerk-transporte.de\/de\/wp-json\/wp\/v2\/comments?post=958"}],"version-history":[{"count":3,"href":"https:\/\/www.saegewerk-transporte.de\/de\/wp-json\/wp\/v2\/pages\/958\/revisions"}],"predecessor-version":[{"id":238813,"href":"https:\/\/www.saegewerk-transporte.de\/de\/wp-json\/wp\/v2\/pages\/958\/revisions\/238813"}],"wp:attachment":[{"href":"https:\/\/www.saegewerk-transporte.de\/de\/wp-json\/wp\/v2\/media?parent=958"}],"curies":[{"name":"wp","href":"https:\/\/api.w.org\/{rel}","templated":true}]}}