{"id":934,"date":"2021-04-19T11:59:14","date_gmt":"2021-04-19T09:59:14","guid":{"rendered":"https:\/\/www.saegewerk-transporte.de\/de\/?page_id=934"},"modified":"2021-06-09T14:17:58","modified_gmt":"2021-06-09T12:17:58","slug":"aussenaufzuege","status":"publish","type":"page","link":"https:\/\/www.saegewerk-transporte.de\/de\/aussenaufzuege\/","title":{"rendered":"Au\u00dfenaufz\u00fcge"},"content":{"rendered":"<p>[et_pb_section fb_built=&#8220;1&#8243; _builder_version=&#8220;4.9.1&#8243; _module_preset=&#8220;default&#8220; custom_margin=&#8220;0px||0px||false|false&#8220; custom_padding=&#8220;0px||0px||false|false&#8220;][et_pb_row _builder_version=&#8220;4.9.1&#8243; _module_preset=&#8220;default&#8220; background_image=&#8220;https:\/\/www.saegewerk-transporte.de\/de\/wp-content\/uploads\/2021\/03\/header-bunt.jpg&#8220; width=&#8220;100%&#8220; max_width=&#8220;100%&#8220; height=&#8220;100px&#8220; custom_margin=&#8220;0px||0px||false|false&#8220; custom_padding=&#8220;0px||0px||false|false&#8220;][et_pb_column type=&#8220;4_4&#8243; _builder_version=&#8220;4.9.1&#8243; _module_preset=&#8220;default&#8220;][et_pb_text admin_label=&#8220;stressfreier umzugsservice&#8220; _builder_version=&#8220;4.9.2&#8243; text_font=&#8220;||||||||&#8220; text_text_color=&#8220;#000000&#8243; text_font_size=&#8220;18px&#8220; text_line_height=&#8220;2.1em&#8220; header_font=&#8220;Oswald|500|||||||&#8220; header_text_color=&#8220;#141414&#8243; header_font_size=&#8220;60px&#8220; header_line_height=&#8220;1.4em&#8220; background_layout=&#8220;dark&#8220; custom_margin=&#8220;||||false|false&#8220; custom_padding=&#8220;||||false|false&#8220; text_font_size_tablet=&#8220;&#8220; text_font_size_phone=&#8220;15px&#8220; text_font_size_last_edited=&#8220;on|phone&#8220; header_font_tablet=&#8220;&#8220; header_font_phone=&#8220;&#8220; header_font_last_edited=&#8220;on|phone&#8220; header_font_size_tablet=&#8220;39px&#8220; header_font_size_phone=&#8220;31px&#8220; header_font_size_last_edited=&#8220;on|desktop&#8220; header_text_shadow_style=&#8220;preset1&#8243; header_text_shadow_horizontal_length=&#8220;0.03em&#8220; header_text_shadow_vertical_length=&#8220;0.01em&#8220; header_text_shadow_color=&#8220;#FFFFFF&#8220;]<\/p>\n<h1 style=\"text-align: center;\">Stressfreier Umzugs-Service &#8211; <a href=\"tel:+492112395513\">0211 239 55 13<\/a><\/h1>\n<p>[\/et_pb_text][\/et_pb_column][\/et_pb_row][\/et_pb_section][et_pb_section fb_built=&#8220;1&#8243; _builder_version=&#8220;4.9.3&#8243; background_color=&#8220;#FFFFFF&#8220; height=&#8220;60px&#8220; custom_margin=&#8220;0px|0px|0px|0px|false|false&#8220; custom_padding=&#8220;0px|0px|0px|0px|false|false&#8220; box_shadow_style=&#8220;preset3&#8243; box_shadow_vertical=&#8220;4px&#8220; box_shadow_spread=&#8220;-5px&#8220; box_shadow_color=&#8220;rgba(0,0,0,0.53)&#8220;][et_pb_row _builder_version=&#8220;4.9.3&#8243; background_size=&#8220;initial&#8220; background_position=&#8220;top_left&#8220; background_repeat=&#8220;repeat&#8220; height=&#8220;6px&#8220; custom_margin=&#8220;0px||0px||false|false&#8220; custom_padding=&#8220;15px||0px||false|false&#8220;][et_pb_column type=&#8220;4_4&#8243; _builder_version=&#8220;4.9.3&#8243; _module_preset=&#8220;default&#8220;][et_pb_menu menu_style=&#8220;centered&#8220; active_link_color=&#8220;#000000&#8243; _builder_version=&#8220;4.9.3&#8243; _module_preset=&#8220;default&#8220; menu_font=&#8220;|600|||||||&#8220; menu_text_color=&#8220;#000000&#8243; menu_font_size=&#8220;20px&#8220;][\/et_pb_menu][\/et_pb_column][\/et_pb_row][\/et_pb_section][et_pb_section fb_built=&#8220;1&#8243; _builder_version=&#8220;4.9.3&#8243; _module_preset=&#8220;default&#8220;][et_pb_row _builder_version=&#8220;4.9.3&#8243; _module_preset=&#8220;default&#8220;][et_pb_column type=&#8220;4_4&#8243; _builder_version=&#8220;4.9.3&#8243; _module_preset=&#8220;default&#8220;][et_pb_text _builder_version=&#8220;4.9.4&#8243; _module_preset=&#8220;default&#8220; hover_enabled=&#8220;0&#8243; sticky_enabled=&#8220;0&#8243;]<\/p>\n<h1>Au\u00dfenaufz\u00fcge<\/h1>\n<p><strong>Zu einem erfolgreichen und reibungslosen Umzug geh\u00f6rt eine gute und sinnvolle Planung. Und manchmal muss es eben auch ein Au\u00dfenaufzug sein. Denn der spart Zeit und damit auch Geld. Unsere Au\u00dfenaufz\u00fcge erreichen (fast) alle H\u00f6hen, werden ausschlie\u00dflich von geschultem Personal bedient und sind absolut sicher. F\u00fcr den Laien sieht es imm er ein bisschen gewagt aus, wenn so ein Au\u00dfenaufzug in Aktion ist \u2013 aber seien Sie versichert: Wir wissen was wir tun. Ihr umzugsgut wird damit direkt \u00fcber die Fassade transportiert.\u00a0<\/strong><\/p>\n<p>So werden Ihre M\u00f6bel ganz leicht per Knopfdruck \u00fcber eine H\u00f6he bis zu 27 Meter transportiert. Unsere S\u00e4gewerk Transporte Au\u00dfenaufz\u00fcge eignen sich besonders bei Umz\u00fcgen mit schmalen Treppenh\u00e4usern, kleinen, engen Aufz\u00fcgen im Haus oder sperrigen und empfindlichen G\u00fctern.<br \/>Unser Bestseller bei den S\u00e4gewerk Au\u00dfenaufz\u00fcgen hei\u00dft \u201eKarlsson vom Dach\u201c. Wer das M\u00e4rchen kennt der wei\u00df, dass damit alles kinderleicht \u00fcber die (Hebe) B\u00fchne geht. Der F\u00f6rderkorb ist bis zu 400 kg belastbar (max. Windst\u00e4rke 6) und wird von uns in H\u00f6hen zwischen 5,40m und 27m eingesetzt. Ein schneller Auf- und Abbau ist garantiert. Denn unserer Aufzug befindet sich auf einem speziell daf\u00fcr vorgesehenen Pkw. F\u00fcr einen weiteren flexiblen Einsatz haben wir noch einen Au\u00dfenaufzug auf einem Anh\u00e4nger. Damit gehts zwischen 4,90m und 26,50m in die H\u00f6he. Damit sind ein sicherer und zeitsparender Transport Ihres Umzugsguts gesichert. Enge Treppenh\u00e4user \u2013 kein Problem. Sperrige M\u00f6bel \u2013 kein Problem. Genehmigung f\u00fcr den Einsatz eines solchen S\u00e4gewerk Transporte Au\u00dfenaufzugs \u2013 kein Problem.<\/p>\n<p>Preis auf Anfrage \u2013 kein Problem:<\/p>\n<p><strong>Telefon<\/strong> <a href=\"tel:+492112395513\" title=\"Direktwahl nur f\u00fcr Mobilger\u00e4te\">0211 239 55 13<\/a><br \/><a href=\"mailto:info@saegewerk-transporte.de\" title=\"Schreiben Sie uns eine E-Mail\">info@saegewerk-transporte.de<\/a><\/p>\n<p>[\/et_pb_text][\/et_pb_column][\/et_pb_row][\/et_pb_section]<\/p>\n","protected":false},"excerpt":{"rendered":"<p>Stressfreier Umzugs-Service &#8211; 0211 239 55 13Au\u00dfenaufz\u00fcge Zu einem erfolgreichen und reibungslosen Umzug geh\u00f6rt eine gute und sinnvolle Planung. Und manchmal muss es eben auch ein Au\u00dfenaufzug sein. Denn der spart Zeit und damit auch Geld. Unsere Au\u00dfenaufz\u00fcge erreichen (fast) alle H\u00f6hen, werden ausschlie\u00dflich von geschultem Personal bedient und sind absolut sicher. F\u00fcr den Laien [&hellip;]<\/p>\n","protected":false},"author":1,"featured_media":0,"parent":0,"menu_order":0,"comment_status":"closed","ping_status":"closed","template":"","meta":{"_et_pb_use_builder":"on","_et_pb_old_content":"","_et_gb_content_width":"","footnotes":""},"class_list":["post-934","page","type-page","status-publish","hentry"],"_links":{"self":[{"href":"https:\/\/www.saegewerk-transporte.de\/de\/wp-json\/wp\/v2\/pages\/934","targetHints":{"allow":["GET"]}}],"collection":[{"href":"https:\/\/www.saegewerk-transporte.de\/de\/wp-json\/wp\/v2\/pages"}],"about":[{"href":"https:\/\/www.saegewerk-transporte.de\/de\/wp-json\/wp\/v2\/types\/page"}],"author":[{"embeddable":true,"href":"https:\/\/www.saegewerk-transporte.de\/de\/wp-json\/wp\/v2\/users\/1"}],"replies":[{"embeddable":true,"href":"https:\/\/www.saegewerk-transporte.de\/de\/wp-json\/wp\/v2\/comments?post=934"}],"version-history":[{"count":3,"href":"https:\/\/www.saegewerk-transporte.de\/de\/wp-json\/wp\/v2\/pages\/934\/revisions"}],"predecessor-version":[{"id":238810,"href":"https:\/\/www.saegewerk-transporte.de\/de\/wp-json\/wp\/v2\/pages\/934\/revisions\/238810"}],"wp:attachment":[{"href":"https:\/\/www.saegewerk-transporte.de\/de\/wp-json\/wp\/v2\/media?parent=934"}],"curies":[{"name":"wp","href":"https:\/\/api.w.org\/{rel}","templated":true}]}}