{"id":925,"date":"2021-04-19T11:40:23","date_gmt":"2021-04-19T09:40:23","guid":{"rendered":"https:\/\/www.saegewerk-transporte.de\/de\/?page_id=925"},"modified":"2021-06-09T14:17:07","modified_gmt":"2021-06-09T12:17:07","slug":"ein-und-auspackservice","status":"publish","type":"page","link":"https:\/\/www.saegewerk-transporte.de\/de\/ein-und-auspackservice\/","title":{"rendered":"Ein- und Auspackservice"},"content":{"rendered":"<p>[et_pb_section fb_built=&#8220;1&#8243; _builder_version=&#8220;4.9.1&#8243; _module_preset=&#8220;default&#8220; custom_margin=&#8220;0px||0px||false|false&#8220; custom_padding=&#8220;0px||0px||false|false&#8220;][et_pb_row _builder_version=&#8220;4.9.1&#8243; _module_preset=&#8220;default&#8220; background_image=&#8220;https:\/\/www.saegewerk-transporte.de\/de\/wp-content\/uploads\/2021\/03\/header-bunt.jpg&#8220; width=&#8220;100%&#8220; max_width=&#8220;100%&#8220; height=&#8220;100px&#8220; custom_margin=&#8220;0px||0px||false|false&#8220; custom_padding=&#8220;0px||0px||false|false&#8220;][et_pb_column type=&#8220;4_4&#8243; _builder_version=&#8220;4.9.1&#8243; _module_preset=&#8220;default&#8220;][et_pb_text admin_label=&#8220;stressfreier umzugsservice&#8220; _builder_version=&#8220;4.9.2&#8243; text_font=&#8220;||||||||&#8220; text_text_color=&#8220;#000000&#8243; text_font_size=&#8220;18px&#8220; text_line_height=&#8220;2.1em&#8220; header_font=&#8220;Oswald|500|||||||&#8220; header_text_color=&#8220;#141414&#8243; header_font_size=&#8220;60px&#8220; header_line_height=&#8220;1.4em&#8220; background_layout=&#8220;dark&#8220; custom_margin=&#8220;||||false|false&#8220; custom_padding=&#8220;||||false|false&#8220; text_font_size_tablet=&#8220;&#8220; text_font_size_phone=&#8220;15px&#8220; text_font_size_last_edited=&#8220;on|phone&#8220; header_font_tablet=&#8220;&#8220; header_font_phone=&#8220;&#8220; header_font_last_edited=&#8220;on|phone&#8220; header_font_size_tablet=&#8220;39px&#8220; header_font_size_phone=&#8220;31px&#8220; header_font_size_last_edited=&#8220;on|desktop&#8220; header_text_shadow_style=&#8220;preset1&#8243; header_text_shadow_horizontal_length=&#8220;0.03em&#8220; header_text_shadow_vertical_length=&#8220;0.01em&#8220; header_text_shadow_color=&#8220;#FFFFFF&#8220;]<\/p>\n<h1 style=\"text-align: center;\">Stressfreier Umzugs-Service &#8211; <a href=\"tel:+492112395513\">0211 239 55 13<\/a><\/h1>\n<p>[\/et_pb_text][\/et_pb_column][\/et_pb_row][\/et_pb_section][et_pb_section fb_built=&#8220;1&#8243; _builder_version=&#8220;4.9.3&#8243; background_color=&#8220;#FFFFFF&#8220; height=&#8220;60px&#8220; custom_margin=&#8220;0px|0px|0px|0px|false|false&#8220; custom_padding=&#8220;0px|0px|0px|0px|false|false&#8220; box_shadow_style=&#8220;preset3&#8243; box_shadow_vertical=&#8220;4px&#8220; box_shadow_spread=&#8220;-5px&#8220; box_shadow_color=&#8220;rgba(0,0,0,0.53)&#8220;][et_pb_row _builder_version=&#8220;4.9.3&#8243; background_size=&#8220;initial&#8220; background_position=&#8220;top_left&#8220; background_repeat=&#8220;repeat&#8220; height=&#8220;6px&#8220; custom_margin=&#8220;0px||0px||false|false&#8220; custom_padding=&#8220;15px||0px||false|false&#8220;][et_pb_column type=&#8220;4_4&#8243; _builder_version=&#8220;4.9.3&#8243; _module_preset=&#8220;default&#8220;][et_pb_menu menu_style=&#8220;centered&#8220; active_link_color=&#8220;#000000&#8243; _builder_version=&#8220;4.9.3&#8243; _module_preset=&#8220;default&#8220; menu_font=&#8220;|600|||||||&#8220; menu_text_color=&#8220;#000000&#8243; menu_font_size=&#8220;20px&#8220;][\/et_pb_menu][\/et_pb_column][\/et_pb_row][\/et_pb_section][et_pb_section fb_built=&#8220;1&#8243; _builder_version=&#8220;4.9.3&#8243; _module_preset=&#8220;default&#8220;][et_pb_row _builder_version=&#8220;4.9.3&#8243; _module_preset=&#8220;default&#8220;][et_pb_column type=&#8220;4_4&#8243; _builder_version=&#8220;4.9.3&#8243; _module_preset=&#8220;default&#8220;][et_pb_text _builder_version=&#8220;4.9.4&#8243; _module_preset=&#8220;default&#8220; hover_enabled=&#8220;0&#8243; sticky_enabled=&#8220;0&#8243;]<\/p>\n<h1>Ein- und Auspackservice<\/h1>\n<p><strong>Umziehen bedeutet nicht in erster Linie Kartons oder M\u00f6bel zu schleppen. Jeder Umzug beginnt mit einer guten Umzugsplanung und dann folgt das Einpacken. Wie verpackt man eigentlich Gl\u00e4ser so, dass sie auch heile im neuen Zuhause ankommen? Wieviel Gewicht kann ein Karton mit B\u00fcchern vertragen ohne dass er kaputt geht oder man ihn nicht vern\u00fcnftig taregn kann weil er zu schwer ist? Diese und viel andere Fragen erledigen sich quasi von selbst, wenn Sie uns damit beauftragen Ihr Umzugsgut Ein- und dann auch wieder auszupacken.\u00a0<\/strong><\/p>\n<p>Unsere erfahrenen Umzugshelfer verpacken Ihre Sachen gewissenhaft und schnell und packen Sie nach Ihren Vorstellungen dann an Ort und Stelle im neuen Zuhause auch wieder aus. Das alles ist bei uns im wahrsten Wortsinne in guten H\u00e4nden!<\/p>\n<p>Mit unserem individuellen Ein- und Auspackservice haben Sie bei Ihrem Umzug von Anfang bis Ende die Gewissheit, dass Ihr Umzug von professionellem Fachpersonal durchgef\u00fchrt wird. Diese Sicherheit erspart Ihnen jede Menge Kopfzerbrechen, Kraft und \u00c4rger. Das Beste daran ist, dass Sie so Zeit gewinnen, sich um anderen wichtige Dinge zu k\u00fcmmern. Denn mit einem Umzug stehen jede Menge weitere Herausforderungen vor Ihnen: Die Ummeldung bei Beh\u00f6rden, Banken, den Post-Nachsendeantrag stellen und und und&#8230;<\/p>\n<p>Wenn wir nur einpacken sollen und Sie Ihr Umzugsgut dann im neuen Zuhause lieber selber auspacken m\u00f6chten \u2013 auch kein Problem, das entscheiden Sie und wir machen Ihnen ein individuelles und faires Angebot. Anruf oder E-Mail gen\u00fcgt dann leben wir los:<\/p>\n<p><strong>Telefon<\/strong> <a href=\"tel:+492112395513\" title=\"Direktwahl nur f\u00fcr Mobilger\u00e4te\">0211 239 55 13<\/a><br \/><a href=\"mailto:info@saegewerk-transporte.de\" title=\"Schreiben Sie uns eine E-Mail\">info@saegewerk-transporte.de<\/a><\/p>\n<p>[\/et_pb_text][\/et_pb_column][\/et_pb_row][\/et_pb_section]<\/p>\n","protected":false},"excerpt":{"rendered":"<p>Stressfreier Umzugs-Service &#8211; 0211 239 55 13Ein- und Auspackservice Umziehen bedeutet nicht in erster Linie Kartons oder M\u00f6bel zu schleppen. Jeder Umzug beginnt mit einer guten Umzugsplanung und dann folgt das Einpacken. Wie verpackt man eigentlich Gl\u00e4ser so, dass sie auch heile im neuen Zuhause ankommen? Wieviel Gewicht kann ein Karton mit B\u00fcchern vertragen ohne [&hellip;]<\/p>\n","protected":false},"author":1,"featured_media":0,"parent":0,"menu_order":0,"comment_status":"closed","ping_status":"closed","template":"","meta":{"_et_pb_use_builder":"on","_et_pb_old_content":"","_et_gb_content_width":"","footnotes":""},"class_list":["post-925","page","type-page","status-publish","hentry"],"_links":{"self":[{"href":"https:\/\/www.saegewerk-transporte.de\/de\/wp-json\/wp\/v2\/pages\/925","targetHints":{"allow":["GET"]}}],"collection":[{"href":"https:\/\/www.saegewerk-transporte.de\/de\/wp-json\/wp\/v2\/pages"}],"about":[{"href":"https:\/\/www.saegewerk-transporte.de\/de\/wp-json\/wp\/v2\/types\/page"}],"author":[{"embeddable":true,"href":"https:\/\/www.saegewerk-transporte.de\/de\/wp-json\/wp\/v2\/users\/1"}],"replies":[{"embeddable":true,"href":"https:\/\/www.saegewerk-transporte.de\/de\/wp-json\/wp\/v2\/comments?post=925"}],"version-history":[{"count":3,"href":"https:\/\/www.saegewerk-transporte.de\/de\/wp-json\/wp\/v2\/pages\/925\/revisions"}],"predecessor-version":[{"id":238809,"href":"https:\/\/www.saegewerk-transporte.de\/de\/wp-json\/wp\/v2\/pages\/925\/revisions\/238809"}],"wp:attachment":[{"href":"https:\/\/www.saegewerk-transporte.de\/de\/wp-json\/wp\/v2\/media?parent=925"}],"curies":[{"name":"wp","href":"https:\/\/api.w.org\/{rel}","templated":true}]}}