{"id":918,"date":"2021-04-19T11:37:32","date_gmt":"2021-04-19T09:37:32","guid":{"rendered":"https:\/\/www.saegewerk-transporte.de\/de\/?page_id=918"},"modified":"2021-06-09T14:16:15","modified_gmt":"2021-06-09T12:16:15","slug":"servicetelefon","status":"publish","type":"page","link":"https:\/\/www.saegewerk-transporte.de\/de\/servicetelefon\/","title":{"rendered":"Servicetelefon"},"content":{"rendered":"<p>[et_pb_section fb_built=&#8220;1&#8243; _builder_version=&#8220;4.9.1&#8243; _module_preset=&#8220;default&#8220; custom_margin=&#8220;0px||0px||false|false&#8220; custom_padding=&#8220;0px||0px||false|false&#8220;][et_pb_row _builder_version=&#8220;4.9.1&#8243; _module_preset=&#8220;default&#8220; background_image=&#8220;https:\/\/www.saegewerk-transporte.de\/de\/wp-content\/uploads\/2021\/03\/header-bunt.jpg&#8220; width=&#8220;100%&#8220; max_width=&#8220;100%&#8220; height=&#8220;100px&#8220; custom_margin=&#8220;0px||0px||false|false&#8220; custom_padding=&#8220;0px||0px||false|false&#8220;][et_pb_column type=&#8220;4_4&#8243; _builder_version=&#8220;4.9.1&#8243; _module_preset=&#8220;default&#8220;][et_pb_text admin_label=&#8220;stressfreier umzugsservice&#8220; _builder_version=&#8220;4.9.2&#8243; text_font=&#8220;||||||||&#8220; text_text_color=&#8220;#000000&#8243; text_font_size=&#8220;18px&#8220; text_line_height=&#8220;2.1em&#8220; header_font=&#8220;Oswald|500|||||||&#8220; header_text_color=&#8220;#141414&#8243; header_font_size=&#8220;60px&#8220; header_line_height=&#8220;1.4em&#8220; background_layout=&#8220;dark&#8220; custom_margin=&#8220;||||false|false&#8220; custom_padding=&#8220;||||false|false&#8220; text_font_size_tablet=&#8220;&#8220; text_font_size_phone=&#8220;15px&#8220; text_font_size_last_edited=&#8220;on|phone&#8220; header_font_tablet=&#8220;&#8220; header_font_phone=&#8220;&#8220; header_font_last_edited=&#8220;on|phone&#8220; header_font_size_tablet=&#8220;39px&#8220; header_font_size_phone=&#8220;31px&#8220; header_font_size_last_edited=&#8220;on|desktop&#8220; header_text_shadow_style=&#8220;preset1&#8243; header_text_shadow_horizontal_length=&#8220;0.03em&#8220; header_text_shadow_vertical_length=&#8220;0.01em&#8220; header_text_shadow_color=&#8220;#FFFFFF&#8220;]<\/p>\n<h1 style=\"text-align: center;\">Stressfreier Umzugs-Service &#8211; <a href=\"tel:+492112395513\">0211 239 55 13<\/a><\/h1>\n<p>[\/et_pb_text][\/et_pb_column][\/et_pb_row][\/et_pb_section][et_pb_section fb_built=&#8220;1&#8243; _builder_version=&#8220;4.9.3&#8243; background_color=&#8220;#FFFFFF&#8220; height=&#8220;60px&#8220; custom_margin=&#8220;0px|0px|0px|0px|false|false&#8220; custom_padding=&#8220;0px|0px|0px|0px|false|false&#8220; box_shadow_style=&#8220;preset3&#8243; box_shadow_vertical=&#8220;4px&#8220; box_shadow_spread=&#8220;-5px&#8220; box_shadow_color=&#8220;rgba(0,0,0,0.53)&#8220;][et_pb_row _builder_version=&#8220;4.9.3&#8243; background_size=&#8220;initial&#8220; background_position=&#8220;top_left&#8220; background_repeat=&#8220;repeat&#8220; height=&#8220;6px&#8220; custom_margin=&#8220;0px||0px||false|false&#8220; custom_padding=&#8220;15px||0px||false|false&#8220;][et_pb_column type=&#8220;4_4&#8243; _builder_version=&#8220;4.9.3&#8243; _module_preset=&#8220;default&#8220;][et_pb_menu menu_style=&#8220;centered&#8220; active_link_color=&#8220;#000000&#8243; _builder_version=&#8220;4.9.3&#8243; _module_preset=&#8220;default&#8220; menu_font=&#8220;|600|||||||&#8220; menu_text_color=&#8220;#000000&#8243; menu_font_size=&#8220;20px&#8220;][\/et_pb_menu][\/et_pb_column][\/et_pb_row][\/et_pb_section][et_pb_section fb_built=&#8220;1&#8243; _builder_version=&#8220;4.9.3&#8243; _module_preset=&#8220;default&#8220;][et_pb_row _builder_version=&#8220;4.9.3&#8243; _module_preset=&#8220;default&#8220;][et_pb_column type=&#8220;4_4&#8243; _builder_version=&#8220;4.9.3&#8243; _module_preset=&#8220;default&#8220;][et_pb_text _builder_version=&#8220;4.9.4&#8243; _module_preset=&#8220;default&#8220; hover_enabled=&#8220;0&#8243; sticky_enabled=&#8220;0&#8243;]<\/p>\n<h1>Servicetelefon<\/h1>\n<p><strong>Freundlichkeit ist bei uns kein Lippenbekenntnis! Wir sind Dienstleister und das merken Sie direkt beim ersten Kontakt mit unseren erfahrenen Umzugsberatern. Wir wissen wie man einen Umzug plant und durchf\u00fchrt. Beratungskompetenz ist eine unserer gro\u00dfen St\u00e4rken seit Jahrzehnten. Auf die Auswahl und Schulung unseres Personals legen wir schon immer gro\u00dfen Wert, damit Sie den bestm\u00f6glichen Service f\u00fcr Ihre Umzugsplanung bekommen. Zuverl\u00e4ssigkeit, Seri\u00f6sit\u00e4t und Fachkenntnis zeichnen uns aus, denn wir wollen, dass Sie mit Ihrem Umzug zufrieden sind. Probieren Sie uns aus.<\/strong><\/p>\n<p>Wenn Sie sich schon einmal \u00fcber die vielzitierte \u201eServicew\u00fcste Deutschland\u201c ge\u00e4rgert haben, dann sollten Sie uns einmal ausprobieren. Wir lieben es Ihnen zu helfen, denn wir wissen genau worum es bei einem Umzug geht. Egal ob wir den Umzug mit unseren erfahrenen Umzugsplanern und Umzugshelfern durchf\u00fchren d\u00fcrfen oder ob wir Sie bei Ihrem privat durchgef\u00fchrten Umzug unterst\u00fctzen k\u00f6nnen. Wie richtet man eine Halteverbotszone ein, welches Verpackungsmaterial ben\u00f6tige ich, wieviel Kartons brauche ich wirklich und welche Gr\u00f6\u00dfe, Art wie zum Beispiel Kleiderkartons, B\u00fccherkartons oder spezielle Verpackungen f\u00fcr Gl\u00e4ser oder Flaschen. Wir kennen uns aus und stehen bereit Sie bei Ihrem Umzug zu unterst\u00fctzen. \u00dcbrigens: Bei uns h\u00e4ngen Sie nicht in langen Warteschleifen mit computergesteuerten Ansagen. Sie erreichen uns zu unseren Gesch\u00e4ftszeiten immer pers\u00f6nlich \u2013 ob per E-Mail oder Telefon:<\/p>\n<p><strong>Telefon<\/strong> <a href=\"tel:+492112395513\" title=\"Direktwahl nur f\u00fcr Mobilger\u00e4te\">0211 239 55 13<\/a><br \/><a href=\"mailto:info@saegewerk-transporte.de\" title=\"Schreiben Sie uns eine E-Mail\">info@saegewerk-transporte.de<\/a><\/p>\n<p>[\/et_pb_text][\/et_pb_column][\/et_pb_row][\/et_pb_section]<\/p>\n","protected":false},"excerpt":{"rendered":"<p>Stressfreier Umzugs-Service &#8211; 0211 239 55 13Servicetelefon Freundlichkeit ist bei uns kein Lippenbekenntnis! Wir sind Dienstleister und das merken Sie direkt beim ersten Kontakt mit unseren erfahrenen Umzugsberatern. Wir wissen wie man einen Umzug plant und durchf\u00fchrt. Beratungskompetenz ist eine unserer gro\u00dfen St\u00e4rken seit Jahrzehnten. Auf die Auswahl und Schulung unseres Personals legen wir schon [&hellip;]<\/p>\n","protected":false},"author":1,"featured_media":0,"parent":0,"menu_order":0,"comment_status":"closed","ping_status":"closed","template":"","meta":{"_et_pb_use_builder":"on","_et_pb_old_content":"","_et_gb_content_width":"","footnotes":""},"class_list":["post-918","page","type-page","status-publish","hentry"],"_links":{"self":[{"href":"https:\/\/www.saegewerk-transporte.de\/de\/wp-json\/wp\/v2\/pages\/918","targetHints":{"allow":["GET"]}}],"collection":[{"href":"https:\/\/www.saegewerk-transporte.de\/de\/wp-json\/wp\/v2\/pages"}],"about":[{"href":"https:\/\/www.saegewerk-transporte.de\/de\/wp-json\/wp\/v2\/types\/page"}],"author":[{"embeddable":true,"href":"https:\/\/www.saegewerk-transporte.de\/de\/wp-json\/wp\/v2\/users\/1"}],"replies":[{"embeddable":true,"href":"https:\/\/www.saegewerk-transporte.de\/de\/wp-json\/wp\/v2\/comments?post=918"}],"version-history":[{"count":3,"href":"https:\/\/www.saegewerk-transporte.de\/de\/wp-json\/wp\/v2\/pages\/918\/revisions"}],"predecessor-version":[{"id":238808,"href":"https:\/\/www.saegewerk-transporte.de\/de\/wp-json\/wp\/v2\/pages\/918\/revisions\/238808"}],"wp:attachment":[{"href":"https:\/\/www.saegewerk-transporte.de\/de\/wp-json\/wp\/v2\/media?parent=918"}],"curies":[{"name":"wp","href":"https:\/\/api.w.org\/{rel}","templated":true}]}}