{"id":9,"date":"2021-01-24T13:31:08","date_gmt":"2021-01-24T12:31:08","guid":{"rendered":"https:\/\/www.saegewerk-transporte.de\/de\/?page_id=9"},"modified":"2026-04-01T12:00:19","modified_gmt":"2026-04-01T10:00:19","slug":"umzugs-shop","status":"publish","type":"page","link":"https:\/\/www.saegewerk-transporte.de\/de\/umzugs-shop\/","title":{"rendered":"Umzugs-Shop"},"content":{"rendered":"<p>[et_pb_section fb_built=&#8220;1&#8243; specialty=&#8220;on&#8220; padding_top_1=&#8220;120px&#8220; padding_bottom_1=&#8220;60px&#8220; padding_left_1=&#8220;3%&#8220; padding_top_bottom_link_1=&#8220;false&#8220; padding_left_right_link_1=&#8220;false&#8220; padding_1_tablet=&#8220;|10%||10%||true&#8220; padding_1_phone=&#8220;&#8220; padding_1_last_edited=&#8220;on|desktop&#8220; admin_label=&#8220;Hero&#8220; _builder_version=&#8220;4.16&#8243; background_enable_color=&#8220;off&#8220; background_color_gradient_direction=&#8220;140deg&#8220; background_image=&#8220;https:\/\/www.saegewerk-transporte.de\/de\/wp-content\/uploads\/2021\/03\/saegewerk-umzug-header-umzugsshop.jpg&#8220; inner_width=&#8220;100%&#8220; inner_max_width=&#8220;100%&#8220; custom_margin=&#8220;||0%|||&#8220; custom_padding=&#8220;17%||0px||false|false&#8220; use_custom_width=&#8220;on&#8220; width_unit=&#8220;off&#8220; custom_width_percent=&#8220;100%&#8220; global_colors_info=&#8220;{}&#8220;][et_pb_column type=&#8220;1_2&#8243; _builder_version=&#8220;4.16&#8243; custom_padding=&#8220;|||&#8220; global_colors_info=&#8220;{}&#8220; padding_tablet=&#8220;|10%||10%||true&#8220; padding_last_edited=&#8220;on|desktop&#8220; custom_padding__hover=&#8220;|||&#8220; padding_phone=&#8220;|10%||10%||true&#8220;][et_pb_text _builder_version=&#8220;4.16&#8243; text_font=&#8220;||||||||&#8220; text_text_color=&#8220;#000000&#8243; text_font_size=&#8220;18px&#8220; text_line_height=&#8220;2.1em&#8220; header_font=&#8220;Oswald|500|||||||&#8220; header_font_size=&#8220;60px&#8220; header_line_height=&#8220;1.4em&#8220; background_layout=&#8220;dark&#8220; custom_margin=&#8220;50px||0px||false|false&#8220; custom_padding=&#8220;0px||0px||false|false&#8220; text_font_size_tablet=&#8220;&#8220; text_font_size_phone=&#8220;15px&#8220; text_font_size_last_edited=&#8220;on|phone&#8220; header_font_tablet=&#8220;&#8220; header_font_phone=&#8220;&#8220; header_font_last_edited=&#8220;on|phone&#8220; header_font_size_tablet=&#8220;46px&#8220; header_font_size_phone=&#8220;41px&#8220; header_font_size_last_edited=&#8220;on|desktop&#8220; global_colors_info=&#8220;{}&#8220;]<\/p>\n<h1>Unser Umzugs-Shop<\/h1>\n<p>[\/et_pb_text][et_pb_text _builder_version=&#8220;4.16&#8243; text_font=&#8220;Oswald||||||||&#8220; text_text_color=&#8220;#FFFFFF&#8220; text_font_size=&#8220;46px&#8220; text_line_height=&#8220;1.4em&#8220; header_font=&#8220;||||||||&#8220; text_font_size_tablet=&#8220;&#8220; text_font_size_phone=&#8220;36px&#8220; text_font_size_last_edited=&#8220;on|phone&#8220; header_font_size_tablet=&#8220;46px&#8220; header_font_size_phone=&#8220;36px&#8220; header_font_size_last_edited=&#8220;off|desktop&#8220; locked=&#8220;off&#8220; global_colors_info=&#8220;{}&#8220;]<\/p>\n<p>Alles was Sie f\u00fcr einen Umzug brauchen<\/p>\n<p>[\/et_pb_text][\/et_pb_column][et_pb_column type=&#8220;1_2&#8243; specialty_columns=&#8220;2&#8243; _builder_version=&#8220;4.16&#8243; custom_padding=&#8220;|||&#8220; global_colors_info=&#8220;{}&#8220; custom_padding__hover=&#8220;|||&#8220;][\/et_pb_column][\/et_pb_section][et_pb_section fb_built=&#8220;1&#8243; _builder_version=&#8220;4.9.3&#8243; background_color=&#8220;#FFFFFF&#8220; height=&#8220;60px&#8220; custom_margin=&#8220;0px|0px|0px|0px|false|false&#8220; custom_padding=&#8220;0px|0px|0px|0px|false|false&#8220; box_shadow_style=&#8220;preset3&#8243; box_shadow_vertical=&#8220;4px&#8220; box_shadow_spread=&#8220;-5px&#8220; box_shadow_color=&#8220;rgba(0,0,0,0.53)&#8220; global_module=&#8220;854&#8243; collapsed=&#8220;on&#8220; global_colors_info=&#8220;{}&#8220;][et_pb_row _builder_version=&#8220;4.16&#8243; background_size=&#8220;initial&#8220; background_position=&#8220;top_left&#8220; background_repeat=&#8220;repeat&#8220; height=&#8220;6px&#8220; custom_margin=&#8220;0px||0px||false|false&#8220; custom_padding=&#8220;15px||0px||false|false&#8220; global_colors_info=&#8220;{}&#8220;][et_pb_column type=&#8220;4_4&#8243; _builder_version=&#8220;4.16&#8243; _module_preset=&#8220;default&#8220; global_colors_info=&#8220;{}&#8220;][et_pb_menu menu_style=&#8220;centered&#8220; active_link_color=&#8220;#000000&#8243; _builder_version=&#8220;4.16&#8243; _module_preset=&#8220;default&#8220; menu_font=&#8220;|600|||||||&#8220; menu_text_color=&#8220;#000000&#8243; menu_font_size=&#8220;20px&#8220; global_colors_info=&#8220;{}&#8220;][\/et_pb_menu][\/et_pb_column][\/et_pb_row][\/et_pb_section][et_pb_section fb_built=&#8220;1&#8243; admin_label=&#8220;section&#8220; _builder_version=&#8220;4.19.4&#8243; background_enable_color=&#8220;off&#8220; background_color_gradient_direction=&#8220;189deg&#8220; background_image=&#8220;https:\/\/www.saegewerk-transporte.de\/de\/wp-content\/uploads\/2021\/03\/pattern-1.png&#8220; background_size=&#8220;initial&#8220; background_repeat=&#8220;repeat&#8220; global_colors_info=&#8220;{}&#8220;][et_pb_row _builder_version=&#8220;4.16&#8243; _module_preset=&#8220;default&#8220; global_colors_info=&#8220;{}&#8220;][et_pb_column type=&#8220;4_4&#8243; _builder_version=&#8220;4.16&#8243; _module_preset=&#8220;default&#8220; global_colors_info=&#8220;{}&#8220;][et_pb_text _builder_version=&#8220;4.19.4&#8243; _module_preset=&#8220;default&#8220; header_font=&#8220;|600|||||||&#8220; header_font_size=&#8220;36px&#8220; global_colors_info=&#8220;{}&#8220;]<\/p>\n<h1>Umzugs-Shop<\/h1>\n<p>[\/et_pb_text][et_pb_text _builder_version=&#8220;4.27.6&#8243; _module_preset=&#8220;default&#8220; hover_enabled=&#8220;0&#8243; global_colors_info=&#8220;{}&#8220; sticky_enabled=&#8220;0&#8243;]<\/p>\n<p><strong>\u201eMist, wo ist denn schon wieder das Klebeband?\u201c F\u00fcr einen reibungslosen Umzug braucht es eben einfach mehr als nur ein paar Kartons. Wir wissen das und freuen uns, wenn wir Ihnen mit unserem durchdachten Angebot in unserem Umzugsshop die notwendige Unterst\u00fctzung anbieten d\u00fcrfen. Hier finden Sie jede Menge Artikel, die das Organisieren und Einpacken Ihres Umzugsguts erleichtern. Bei uns erhalten Sie wirklich stabile Umzugskartons und wir geben Ihnen jede Menge Tipps und Hilfsmittel, mit denen Sie Ihren Umzug durchf\u00fchren k\u00f6nnen.<\/strong><\/p>\n<p>Der Shop steht unseren Umzugskunden und allen anderen Interessenten, die nicht mit S\u00e4gewerk Transporte umziehen, zur Verf\u00fcgung. Und das Beste ist: Ab <strong>100 Euro Auftragswert<\/strong> liefern wir Ihnen die gew\u00fcnschten Artikel aus unserem Umzugsshop <strong>kostenlos im PLZ-Gebiet 40xxx<\/strong> direkt zu Ihnen nach Hause, in die Firma oder ins B\u00fcro.<\/p>\n<p>Wenn Ihnen schon einmal ein vollgepackter Karton unten aufgegangen ist und Sie den gesamten Inhalt auf dem Boden liegen hatten, dann wissen Sie wie wichtig stabile Kartons, funktionierendes Klebeband, Luftpolsterfolien, Sackkarren und alle anderen Hilfsmittel f\u00fcr einen Umzug sind. Genau das alles finden Sie in unserem modernen Umzugsshop. Wir haben dabei wirklich an alles gedacht was Sie f\u00fcr einen reibungslosen Umzug ben\u00f6tigen. Mit dem richtigen Packen von Kartons und der sorgf\u00e4ltigen Auswahl von Transporthilfen und Verpackungsmaterial ersparen Sie sich unn\u00f6tige Besch\u00e4digungen Ihres Eigentums. Sie k\u00f6nnen die Artikel aus dem S\u00e4gewerk Umzusshop einfach per Klick in den Warenkorb bef\u00f6rdern oder per <a href=\"mailto:d.vogel@saegewerk-transporte.de\" title=\"Bestellen Sie auch per Mail\">E-Mail<\/a> bestellen und gegen Barzahlung entweder bei S\u00e4gewerk Transporte direkt abholen oder telefonisch eine Lieferung vereinbaren. Sie haben die Wahl und wir helfen Ihnen gern.<\/p>\n<p>Bestellungen k\u00f6nnen jederzeit in unserem Shop auf der Pinienstrasse 23 abgeholt werden. Lieferungen sind gegen Aufpreis nach tel. Absprache im Umkreis von 110 km m\u00f6glich.<\/p>\n<p>[\/et_pb_text][\/et_pb_column][\/et_pb_row][et_pb_row column_structure=&#8220;1_3,1_3,1_3&#8243; module_id=&#8220;weitereinkaufen&#8220; _builder_version=&#8220;4.16&#8243; _module_preset=&#8220;default&#8220; global_colors_info=&#8220;{}&#8220;][et_pb_column type=&#8220;1_3&#8243; _builder_version=&#8220;4.16&#8243; _module_preset=&#8220;default&#8220; global_colors_info=&#8220;{}&#8220;][et_pb_blurb title=&#8220;Umzugskartons&#8220; url=&#8220;https:\/\/www.saegewerk-transporte.de\/de\/kartons\/&#8220; image=&#8220;https:\/\/www.saegewerk-transporte.de\/de\/wp-content\/uploads\/2021\/01\/saegewerk-umzug-umzugskartons-800.jpg&#8220; _builder_version=&#8220;4.16&#8243; _module_preset=&#8220;default&#8220; header_font_size=&#8220;32px&#8220; background_color=&#8220;#FFFFFF&#8220; custom_padding=&#8220;||||false|false&#8220; global_colors_info=&#8220;{}&#8220;]<\/p>\n<ul>\n<li>neue Kartons<\/li>\n<li>gebrauchte Kartons<\/li>\n<li>Kleiderkisten<\/li>\n<li>B\u00fccherkartons<\/li>\n<li>W\u00e4schekartons<\/li>\n<\/ul>\n<p>[\/et_pb_blurb][\/et_pb_column][et_pb_column type=&#8220;1_3&#8243; _builder_version=&#8220;4.16&#8243; _module_preset=&#8220;default&#8220; global_colors_info=&#8220;{}&#8220;][et_pb_blurb title=&#8220;Verpackungszubeh\u00f6r&#8220; url=&#8220;https:\/\/www.saegewerk-transporte.de\/de\/zubehoer\/&#8220; image=&#8220;https:\/\/www.saegewerk-transporte.de\/de\/wp-content\/uploads\/2021\/04\/saegewerk-umzug-verpackungszubehoer-800.jpg&#8220; _builder_version=&#8220;4.16&#8243; _module_preset=&#8220;default&#8220; header_font_size=&#8220;32px&#8220; global_colors_info=&#8220;{}&#8220;]<\/p>\n<ul>\n<li>Flachbildschirmh\u00fcllen<\/li>\n<li>Couch-, Matratzenh\u00fcllen und Bettens\u00e4cke<\/li>\n<li>Klebeband<\/li>\n<li>M\u00f6belaufkleber<\/li>\n<\/ul>\n<p>[\/et_pb_blurb][\/et_pb_column][et_pb_column type=&#8220;1_3&#8243; _builder_version=&#8220;4.16&#8243; _module_preset=&#8220;default&#8220; global_colors_info=&#8220;{}&#8220;][et_pb_blurb title=&#8220;Folien&#8220; url=&#8220;https:\/\/www.saegewerk-transporte.de\/de\/folien\/&#8220; image=&#8220;https:\/\/www.saegewerk-transporte.de\/de\/wp-content\/uploads\/2021\/03\/saegewerk-umzug-luftpolsterfolie-rolle-800.jpg&#8220; _builder_version=&#8220;4.16&#8243; _module_preset=&#8220;default&#8220; header_font_size=&#8220;32px&#8220; background_color=&#8220;#FFFFFF&#8220; custom_padding=&#8220;||||false|false&#8220; global_colors_info=&#8220;{}&#8220;]<\/p>\n<ul>\n<li>Luftpolsterfolie<\/li>\n<li>Stretchfolie<\/li>\n<\/ul>\n<p>[\/et_pb_blurb][\/et_pb_column][\/et_pb_row][et_pb_row column_structure=&#8220;1_3,1_3,1_3&#8243; _builder_version=&#8220;4.16&#8243; _module_preset=&#8220;default&#8220; global_colors_info=&#8220;{}&#8220;][et_pb_column type=&#8220;1_3&#8243; _builder_version=&#8220;4.16&#8243; _module_preset=&#8220;default&#8220; global_colors_info=&#8220;{}&#8220;][et_pb_blurb title=&#8220;Sonstiges&#8220; url=&#8220;https:\/\/www.saegewerk-transporte.de\/de\/sonstiges\/&#8220; image=&#8220;https:\/\/www.saegewerk-transporte.de\/de\/wp-content\/uploads\/2021\/03\/saegewerk-umzug-schluesselbeutel-800.jpg&#8220; _builder_version=&#8220;4.16&#8243; _module_preset=&#8220;default&#8220; header_font_size=&#8220;32px&#8220; global_colors_info=&#8220;{}&#8220;]<\/p>\n<ul>\n<li>Schl\u00fcsselbeutel<\/li>\n<li>M\u00f6belunterlegkeile<\/li>\n<\/ul>\n<p>[\/et_pb_blurb][\/et_pb_column][et_pb_column type=&#8220;1_3&#8243; _builder_version=&#8220;4.16&#8243; _module_preset=&#8220;default&#8220; global_colors_info=&#8220;{}&#8220;][\/et_pb_column][et_pb_column type=&#8220;1_3&#8243; _builder_version=&#8220;4.16&#8243; _module_preset=&#8220;default&#8220; global_colors_info=&#8220;{}&#8220;][\/et_pb_column][\/et_pb_row][\/et_pb_section][et_pb_section fb_built=&#8220;1&#8243; _builder_version=&#8220;4.16&#8243; _module_preset=&#8220;default&#8220; global_colors_info=&#8220;{}&#8220;][et_pb_row _builder_version=&#8220;4.16&#8243; _module_preset=&#8220;default&#8220; global_colors_info=&#8220;{}&#8220;][et_pb_column type=&#8220;4_4&#8243; _builder_version=&#8220;4.16&#8243; _module_preset=&#8220;default&#8220; global_colors_info=&#8220;{}&#8220;][et_pb_text _builder_version=&#8220;4.16&#8243; _module_preset=&#8220;default&#8220; header_font=&#8220;|600|||||||&#8220; header_font_size=&#8220;36px&#8220; global_colors_info=&#8220;{}&#8220;]<\/p>\n<h1>Extra Angebote f\u00fcr Selbstabholer<\/h1>\n<p>Barzahlung bei uns im Laden auf der Pinienstrasse bei Abholung<\/p>\n<p>[\/et_pb_text][\/et_pb_column][\/et_pb_row][et_pb_row column_structure=&#8220;1_3,1_3,1_3&#8243; use_custom_gutter=&#8220;on&#8220; make_equal=&#8220;on&#8220; module_id=&#8220;weitereinkaufen&#8220; _builder_version=&#8220;4.16&#8243; _module_preset=&#8220;default&#8220; global_colors_info=&#8220;{}&#8220;][et_pb_column type=&#8220;1_3&#8243; _builder_version=&#8220;4.16&#8243; _module_preset=&#8220;default&#8220; global_colors_info=&#8220;{}&#8220;][et_pb_blurb title=&#8220;M\u00f6belhunt&#8220; image=&#8220;https:\/\/www.saegewerk-transporte.de\/de\/wp-content\/uploads\/2021\/01\/saegewerk-umzug-moebelhunte-800.jpg&#8220; _builder_version=&#8220;4.16&#8243; _module_preset=&#8220;default&#8220; header_font_size=&#8220;32px&#8220; background_color=&#8220;#FFFFFF&#8220; custom_padding=&#8220;||||false|false&#8220; global_colors_info=&#8220;{}&#8220;]<\/p>\n<ul>\n<li>Kaution 35,00 \u20ac<\/li>\n<li>Miete 3,50 \u20ac je Hunt f\u00fcr 3 Tage<\/li>\n<li>Kauf f\u00fcr 47,50 \u20ac je Hunt<\/li>\n<\/ul>\n<p>[\/et_pb_blurb][\/et_pb_column][et_pb_column type=&#8220;1_3&#8243; _builder_version=&#8220;4.16&#8243; _module_preset=&#8220;default&#8220; global_colors_info=&#8220;{}&#8220;][et_pb_blurb title=&#8220;Sackkarre mit Griff&#8220; image=&#8220;https:\/\/www.saegewerk-transporte.de\/de\/wp-content\/uploads\/2021\/01\/saegewerk-umzug-sackkarre-mit-zzusatzgriff-800.jpg&#8220; _builder_version=&#8220;4.16&#8243; _module_preset=&#8220;default&#8220; header_font_size=&#8220;32px&#8220; global_colors_info=&#8220;{}&#8220;]<\/p>\n<ul>\n<li>Kaution 100,00 \u20ac<\/li>\n<li>Miete 6,00 \u20ac f\u00fcr 3 Tage<\/li>\n<\/ul>\n<p>[\/et_pb_blurb][\/et_pb_column][et_pb_column type=&#8220;1_3&#8243; _builder_version=&#8220;4.16&#8243; _module_preset=&#8220;default&#8220; global_colors_info=&#8220;{}&#8220;][et_pb_blurb title=&#8220;Sackkarre ohne Griff&#8220; image=&#8220;https:\/\/www.saegewerk-transporte.de\/de\/wp-content\/uploads\/2021\/01\/saegewerk-umzug-sackkarre-ohne-zusatzgriff-800.jpg&#8220; _builder_version=&#8220;4.16&#8243; _module_preset=&#8220;default&#8220; header_font_size=&#8220;32px&#8220; global_colors_info=&#8220;{}&#8220;]<\/p>\n<ul>\n<li>Kaution 100,00 \u20ac<\/li>\n<li>Miete 5,00 \u20ac f\u00fcr 3 Tage<\/li>\n<\/ul>\n<p>[\/et_pb_blurb][\/et_pb_column][\/et_pb_row][et_pb_row column_structure=&#8220;1_3,1_3,1_3&#8243; _builder_version=&#8220;4.16&#8243; _module_preset=&#8220;default&#8220; global_colors_info=&#8220;{}&#8220;][et_pb_column type=&#8220;1_3&#8243; _builder_version=&#8220;4.16&#8243; _module_preset=&#8220;default&#8220; global_colors_info=&#8220;{}&#8220;][et_pb_blurb title=&#8220;Kreuzgurt (Klavier)&#8220; image=&#8220;https:\/\/www.saegewerk-transporte.de\/de\/wp-content\/uploads\/2021\/04\/saegewerk-umzug-gurte-800.jpg&#8220; _builder_version=&#8220;4.23&#8243; _module_preset=&#8220;default&#8220; header_font_size=&#8220;32px&#8220; global_colors_info=&#8220;{}&#8220;]<\/p>\n<ul>\n<li>Kaution 150,00 \u20ac<\/li>\n<li>Miete 10,00 \u20ac f\u00fcr 3 Tage<\/li>\n<\/ul>\n<p>[\/et_pb_blurb][\/et_pb_column][et_pb_column type=&#8220;1_3&#8243; _builder_version=&#8220;4.16&#8243; _module_preset=&#8220;default&#8220; global_colors_info=&#8220;{}&#8220;][et_pb_blurb title=&#8220;Bindegurte&#8220; image=&#8220;https:\/\/www.saegewerk-transporte.de\/de\/wp-content\/uploads\/2023\/11\/Saegewerk-Umzug-Bindegurte_800.jpg&#8220; _builder_version=&#8220;4.23&#8243; _module_preset=&#8220;default&#8220; header_font_size=&#8220;32px&#8220; global_colors_info=&#8220;{}&#8220;]<\/p>\n<ul>\n<li>4 Meter<\/li>\n<li>Kaution 3,00 \u20ac<\/li>\n<li>Miete 1,00 \u20ac f\u00fcr 3 Tage<\/li>\n<li>Kauf f\u00fcr 3,00 \u20ac<\/li>\n<\/ul>\n<p>[\/et_pb_blurb][\/et_pb_column][et_pb_column type=&#8220;1_3&#8243; _builder_version=&#8220;4.16&#8243; _module_preset=&#8220;default&#8220; global_colors_info=&#8220;{}&#8220;][\/et_pb_column][\/et_pb_row][et_pb_row column_structure=&#8220;1_3,1_3,1_3&#8243; _builder_version=&#8220;4.16&#8243; _module_preset=&#8220;default&#8220; global_colors_info=&#8220;{}&#8220;][et_pb_column type=&#8220;1_3&#8243; _builder_version=&#8220;4.16&#8243; _module_preset=&#8220;default&#8220; global_colors_info=&#8220;{}&#8220;][et_pb_blurb title=&#8220;Packdecke&#8220; image=&#8220;https:\/\/www.saegewerk-transporte.de\/de\/wp-content\/uploads\/2023\/11\/Saegewerk-Umzug-Packdecken-neu_800.jpg&#8220; _builder_version=&#8220;4.27.3&#8243; _module_preset=&#8220;default&#8220; header_font_size=&#8220;32px&#8220; global_colors_info=&#8220;{}&#8220;]<\/p>\n<ul>\n<li>Kaution 3,50 \u20ac<\/li>\n<li>Miete 1,00 \u20ac f\u00fcr 3 Tage<\/li>\n<\/ul>\n<p>[\/et_pb_blurb][\/et_pb_column][et_pb_column type=&#8220;1_3&#8243; _builder_version=&#8220;4.16&#8243; _module_preset=&#8220;default&#8220; global_colors_info=&#8220;{}&#8220;][et_pb_blurb title=&#8220;Packdecke (neu)&#8220; image=&#8220;https:\/\/www.saegewerk-transporte.de\/de\/wp-content\/uploads\/2023\/11\/Saegewerk-Umzug-Packdecken-neu_800.jpg&#8220; _builder_version=&#8220;4.23&#8243; _module_preset=&#8220;default&#8220; header_font_size=&#8220;32px&#8220; global_colors_info=&#8220;{}&#8220;]<\/p>\n<ul>\n<li>Kauf 4,50 \u20ac je Decke<\/li>\n<\/ul>\n<p>[\/et_pb_blurb][\/et_pb_column][et_pb_column type=&#8220;1_3&#8243; _builder_version=&#8220;4.16&#8243; _module_preset=&#8220;default&#8220; global_colors_info=&#8220;{}&#8220;][\/et_pb_column][\/et_pb_row][\/et_pb_section]<\/p>\n","protected":false},"excerpt":{"rendered":"<p>Unser Umzugs-ShopAlles was Sie f\u00fcr einen Umzug brauchenUmzugs-Shop\u201eMist, wo ist denn schon wieder das Klebeband?\u201c F\u00fcr einen reibungslosen Umzug braucht es eben einfach mehr als nur ein paar Kartons. Wir wissen das und freuen uns, wenn wir Ihnen mit unserem durchdachten Angebot in unserem Umzugsshop die notwendige Unterst\u00fctzung anbieten d\u00fcrfen. Hier finden Sie jede Menge [&hellip;]<\/p>\n","protected":false},"author":1,"featured_media":0,"parent":0,"menu_order":0,"comment_status":"closed","ping_status":"closed","template":"","meta":{"_et_pb_use_builder":"on","_et_pb_old_content":"[wpforms id=\"11\"]","_et_gb_content_width":"","footnotes":""},"class_list":["post-9","page","type-page","status-publish","hentry"],"_links":{"self":[{"href":"https:\/\/www.saegewerk-transporte.de\/de\/wp-json\/wp\/v2\/pages\/9","targetHints":{"allow":["GET"]}}],"collection":[{"href":"https:\/\/www.saegewerk-transporte.de\/de\/wp-json\/wp\/v2\/pages"}],"about":[{"href":"https:\/\/www.saegewerk-transporte.de\/de\/wp-json\/wp\/v2\/types\/page"}],"author":[{"embeddable":true,"href":"https:\/\/www.saegewerk-transporte.de\/de\/wp-json\/wp\/v2\/users\/1"}],"replies":[{"embeddable":true,"href":"https:\/\/www.saegewerk-transporte.de\/de\/wp-json\/wp\/v2\/comments?post=9"}],"version-history":[{"count":3,"href":"https:\/\/www.saegewerk-transporte.de\/de\/wp-json\/wp\/v2\/pages\/9\/revisions"}],"predecessor-version":[{"id":240443,"href":"https:\/\/www.saegewerk-transporte.de\/de\/wp-json\/wp\/v2\/pages\/9\/revisions\/240443"}],"wp:attachment":[{"href":"https:\/\/www.saegewerk-transporte.de\/de\/wp-json\/wp\/v2\/media?parent=9"}],"curies":[{"name":"wp","href":"https:\/\/api.w.org\/{rel}","templated":true}]}}