{"id":343,"date":"2021-03-11T13:31:50","date_gmt":"2021-03-11T12:31:50","guid":{"rendered":"https:\/\/www.saegewerk-transporte.de\/de\/?page_id=343"},"modified":"2022-08-10T14:35:35","modified_gmt":"2022-08-10T12:35:35","slug":"halteverbotszonen","status":"publish","type":"page","link":"https:\/\/www.saegewerk-transporte.de\/de\/halteverbotszonen\/","title":{"rendered":"Halteverbotszonen"},"content":{"rendered":"<p>[et_pb_section fb_built=&#8220;1&#8243; _builder_version=&#8220;4.16&#8243; _module_preset=&#8220;default&#8220; custom_margin=&#8220;0px||0px||false|false&#8220; custom_padding=&#8220;0px||0px||false|false&#8220; global_colors_info=&#8220;{}&#8220;][et_pb_row _builder_version=&#8220;4.16&#8243; _module_preset=&#8220;default&#8220; background_image=&#8220;https:\/\/www.saegewerk-transporte.de\/de\/wp-content\/uploads\/2021\/03\/header-bunt.jpg&#8220; width=&#8220;100%&#8220; max_width=&#8220;100%&#8220; height=&#8220;100px&#8220; custom_margin=&#8220;0px||0px||false|false&#8220; custom_padding=&#8220;0px||0px||false|false&#8220; global_colors_info=&#8220;{}&#8220;][et_pb_column type=&#8220;4_4&#8243; _builder_version=&#8220;4.16&#8243; _module_preset=&#8220;default&#8220; global_colors_info=&#8220;{}&#8220;][et_pb_text admin_label=&#8220;stressfreier umzugsservice&#8220; _builder_version=&#8220;4.16&#8243; text_font=&#8220;||||||||&#8220; text_text_color=&#8220;#000000&#8243; text_font_size=&#8220;18px&#8220; text_line_height=&#8220;2.1em&#8220; header_font=&#8220;Oswald|500|||||||&#8220; header_text_color=&#8220;#141414&#8243; header_font_size=&#8220;60px&#8220; header_line_height=&#8220;1.4em&#8220; background_layout=&#8220;dark&#8220; custom_margin=&#8220;||||false|false&#8220; custom_padding=&#8220;||||false|false&#8220; text_font_size_tablet=&#8220;&#8220; text_font_size_phone=&#8220;15px&#8220; text_font_size_last_edited=&#8220;on|phone&#8220; header_font_tablet=&#8220;&#8220; header_font_phone=&#8220;&#8220; header_font_last_edited=&#8220;on|phone&#8220; header_font_size_tablet=&#8220;39px&#8220; header_font_size_phone=&#8220;31px&#8220; header_font_size_last_edited=&#8220;on|desktop&#8220; header_text_shadow_style=&#8220;preset1&#8243; header_text_shadow_horizontal_length=&#8220;0.03em&#8220; header_text_shadow_vertical_length=&#8220;0.01em&#8220; header_text_shadow_color=&#8220;#FFFFFF&#8220; global_colors_info=&#8220;{}&#8220;]<\/p>\n<h1 style=\"text-align: center;\">Stressfreier Umzugs-Service &#8211; <a href=\"tel:+492112395513\">0211 239 55 13<\/a><\/h1>\n<p>[\/et_pb_text][\/et_pb_column][\/et_pb_row][\/et_pb_section][et_pb_section fb_built=&#8220;1&#8243; _builder_version=&#8220;4.9.3&#8243; background_color=&#8220;#FFFFFF&#8220; height=&#8220;60px&#8220; custom_margin=&#8220;0px|0px|0px|0px|false|false&#8220; custom_padding=&#8220;0px|0px|0px|0px|false|false&#8220; box_shadow_style=&#8220;preset3&#8243; box_shadow_vertical=&#8220;4px&#8220; box_shadow_spread=&#8220;-5px&#8220; box_shadow_color=&#8220;rgba(0,0,0,0.53)&#8220; global_module=&#8220;854&#8243; global_colors_info=&#8220;{}&#8220;][et_pb_row _builder_version=&#8220;4.16&#8243; background_size=&#8220;initial&#8220; background_position=&#8220;top_left&#8220; background_repeat=&#8220;repeat&#8220; height=&#8220;6px&#8220; custom_margin=&#8220;0px||0px||false|false&#8220; custom_padding=&#8220;15px||0px||false|false&#8220; global_colors_info=&#8220;{}&#8220;][et_pb_column type=&#8220;4_4&#8243; _builder_version=&#8220;4.16&#8243; _module_preset=&#8220;default&#8220; global_colors_info=&#8220;{}&#8220;][et_pb_menu menu_style=&#8220;centered&#8220; active_link_color=&#8220;#000000&#8243; _builder_version=&#8220;4.16&#8243; _module_preset=&#8220;default&#8220; menu_font=&#8220;|600|||||||&#8220; menu_text_color=&#8220;#000000&#8243; menu_font_size=&#8220;20px&#8220; global_colors_info=&#8220;{}&#8220;][\/et_pb_menu][\/et_pb_column][\/et_pb_row][\/et_pb_section][et_pb_section fb_built=&#8220;1&#8243; admin_label=&#8220;section&#8220; _builder_version=&#8220;4.16&#8243; background_color=&#8220;#d3d3d3&#8243; use_background_color_gradient=&#8220;on&#8220; background_color_gradient_direction=&#8220;183deg&#8220; background_color_gradient_stops=&#8220;#eaeaea 0%|#ffffff 100%&#8220; background_color_gradient_start=&#8220;#eaeaea&#8220; background_color_gradient_end=&#8220;#ffffff&#8220; global_colors_info=&#8220;{}&#8220;][et_pb_row _builder_version=&#8220;4.16&#8243; _module_preset=&#8220;default&#8220; global_colors_info=&#8220;{}&#8220;][et_pb_column type=&#8220;4_4&#8243; _builder_version=&#8220;4.16&#8243; _module_preset=&#8220;default&#8220; global_colors_info=&#8220;{}&#8220;][et_pb_text _builder_version=&#8220;4.16&#8243; _module_preset=&#8220;default&#8220; header_font=&#8220;|600|||||||&#8220; header_font_size=&#8220;36px&#8220; global_colors_info=&#8220;{}&#8220;]<\/p>\n<h1>Halteverbotszonen<\/h1>\n<p>[\/et_pb_text][\/et_pb_column][\/et_pb_row][et_pb_row _builder_version=&#8220;4.16&#8243; _module_preset=&#8220;default&#8220; global_colors_info=&#8220;{}&#8220;][et_pb_column type=&#8220;4_4&#8243; _builder_version=&#8220;4.16&#8243; _module_preset=&#8220;default&#8220; global_colors_info=&#8220;{}&#8220;][et_pb_text _builder_version=&#8220;4.17.6&#8243; _module_preset=&#8220;default&#8220; hover_enabled=&#8220;0&#8243; global_colors_info=&#8220;{}&#8220; sticky_enabled=&#8220;0&#8243;]<\/p>\n<p><strong>Wer einen Umzug plant, der ist bei uns in den besten H\u00e4nden. Wir k\u00fcmmern uns, wenn Sie wollen, um alles von der detaillierten Planung \u00fcber das richtige Umzugstiming bis hin zur Ausf\u00fchrung durch unsere erfahrenen Umzugshelfer. Wenn Sie Ihren Umzug alleine durchf\u00fchren wollen, dann unterst\u00fctzen wir Sie ebenfalls gerne. Zum Beispiel mit der Beantragung und Einrichtung von Halteverbotszonen. Denn wer umzieht muss meistens viel transportieren und m\u00f6chte deshalb m\u00f6glichst kurze Laufwege zwischen Wohnung oder Haus und Fahrzeug haben \u2026<\/strong><\/p>\n<p>Ein Umzug kann ohne ein Halteverbot stressig werden. Selbsterrichtete Halteverbotszonen sind gesetzeswidrig und bieten demnach keine Garantie f\u00fcr einen stressfreien Umzug. F\u00fcr jeden, der keinen eigenen Parkplatz vor der T\u00fcr hat und besonders bei Umz\u00fcgen in Gro\u00dfst\u00e4dten wie D\u00fcsseldorf, bietet sich deshalb das Aufstellen von Parkschildern beziehungsweise das Errichten einer zeitlich begrenzten Halteverbotszone an. Das vermeidet \u00c4rger mit Anwohnern oder anderen Verkehrsteilnehmern. Gerne \u00fcbernehmen wir alle n\u00f6tigen Formalit\u00e4ten und richten die Halteverbotszonen nach g\u00fcltiger StVO (Stra\u00dfenverkehrsordnung) ein. Das sichert ausreichend Platz zum Ein- und Ausr\u00e4umen direkt vor Ihrer Haust\u00fcr. Die Beantragung einer Halteverbotszone kann durch die Weitergabe dieser Aufgabe an ein professionelles Umzugsunternehmen wie S\u00e4gewerk Transporte eine sichere Variante sein, so dass Sie vern\u00fcnftig planen k\u00f6nnen und am Umzugstag keine b\u00f6sen \u00dcberraschungen erleben. Schreiben Sie uns oder rufen Sie an und wir machen Ihnen ein entsprechendes Angebot.<\/p>\n<p><strong>Telefon<\/strong> <a title=\"Direktwahl nur f\u00fcr Mobilger\u00e4te\" href=\"tel:+4921123955141\">0211 239 551 41<\/a><br \/><a title=\"Schreiben Sie uns eine E-Mail\" href=\"mailto:d.vogel@saegewerk-transporte.de\">d.vogel@saegewerk-transporte.de<\/a><\/p>\n<p>[\/et_pb_text][\/et_pb_column][\/et_pb_row][et_pb_row _builder_version=&#8220;4.16&#8243; _module_preset=&#8220;default&#8220; global_colors_info=&#8220;{}&#8220;][et_pb_column type=&#8220;4_4&#8243; _builder_version=&#8220;4.16&#8243; _module_preset=&#8220;default&#8220; global_colors_info=&#8220;{}&#8220;][et_pb_text _builder_version=&#8220;4.16&#8243; _module_preset=&#8220;default&#8220; global_colors_info=&#8220;{}&#8220;]<\/p>\n<h3>F\u00fcr folgende St\u00e4dte k\u00f6nnen Sie Halteverbotszonen sofort bestellen:<\/h3>\n<p><strong>Sollte Ihre Stadt noch nicht dabei sein, bitte anrufen und wir erledigen das f\u00fcr Sie!<\/strong><br \/>\n[\/et_pb_text][et_pb_divider color=&#8220;#000000&#8243; divider_weight=&#8220;4px&#8220; _builder_version=&#8220;4.16&#8243; _module_preset=&#8220;default&#8220; global_colors_info=&#8220;{}&#8220;][\/et_pb_divider][\/et_pb_column][\/et_pb_row][et_pb_row column_structure=&#8220;2_3,1_3&#8243; admin_label=&#8220;row&#8220; _builder_version=&#8220;4.16&#8243; background_enable_color=&#8220;off&#8220; background_size=&#8220;initial&#8220; background_position=&#8220;top_left&#8220; background_repeat=&#8220;repeat&#8220; custom_padding=&#8220;10px|10px|10px|20px|false|false&#8220; global_colors_info=&#8220;{}&#8220;][et_pb_column type=&#8220;2_3&#8243; _builder_version=&#8220;4.16&#8243; custom_padding=&#8220;|||&#8220; global_colors_info=&#8220;{}&#8220; custom_padding__hover=&#8220;|||&#8220;][et_pb_shop type=&#8220;product_category&#8220; posts_number=&#8220;20&#8243; include_categories=&#8220;48&#8243; columns_number=&#8220;3&#8243; icon_hover_color=&#8220;RGBA(0,0,0,0)&#8220; hover_overlay_color=&#8220;RGBA(0,0,0,0)&#8220; _builder_version=&#8220;4.16&#8243; _module_preset=&#8220;default&#8220; title_font=&#8220;|600|||||||&#8220; title_font_size=&#8220;20px&#8220; global_colors_info=&#8220;{}&#8220;][\/et_pb_shop][\/et_pb_column][et_pb_column type=&#8220;1_3&#8243; _builder_version=&#8220;4.16&#8243; custom_padding=&#8220;|||&#8220; global_colors_info=&#8220;{}&#8220; custom_padding__hover=&#8220;|||&#8220;][et_pb_sidebar _builder_version=&#8220;4.16&#8243; _module_preset=&#8220;default&#8220; background_color=&#8220;#efefef&#8220; custom_margin=&#8220;||||false|false&#8220; custom_padding=&#8220;10px|10px|10px|10px|false|false&#8220; global_colors_info=&#8220;{}&#8220;][\/et_pb_sidebar][\/et_pb_column][\/et_pb_row][\/et_pb_section]<\/p>\n","protected":false},"excerpt":{"rendered":"<p>Stressfreier Umzugs-Service &#8211; 0211 239 55 13 Halteverbotszonen Wer einen Umzug plant, der ist bei uns in den besten H\u00e4nden. Wir k\u00fcmmern uns, wenn Sie wollen, um alles von der detaillierten Planung \u00fcber das richtige Umzugstiming bis hin zur Ausf\u00fchrung durch unsere erfahrenen Umzugshelfer. Wenn Sie Ihren Umzug alleine durchf\u00fchren wollen, dann unterst\u00fctzen wir Sie [&hellip;]<\/p>\n","protected":false},"author":1,"featured_media":0,"parent":0,"menu_order":0,"comment_status":"closed","ping_status":"closed","template":"","meta":{"_et_pb_use_builder":"on","_et_pb_old_content":"","_et_gb_content_width":"","footnotes":""},"class_list":["post-343","page","type-page","status-publish","hentry"],"_links":{"self":[{"href":"https:\/\/www.saegewerk-transporte.de\/de\/wp-json\/wp\/v2\/pages\/343","targetHints":{"allow":["GET"]}}],"collection":[{"href":"https:\/\/www.saegewerk-transporte.de\/de\/wp-json\/wp\/v2\/pages"}],"about":[{"href":"https:\/\/www.saegewerk-transporte.de\/de\/wp-json\/wp\/v2\/types\/page"}],"author":[{"embeddable":true,"href":"https:\/\/www.saegewerk-transporte.de\/de\/wp-json\/wp\/v2\/users\/1"}],"replies":[{"embeddable":true,"href":"https:\/\/www.saegewerk-transporte.de\/de\/wp-json\/wp\/v2\/comments?post=343"}],"version-history":[{"count":3,"href":"https:\/\/www.saegewerk-transporte.de\/de\/wp-json\/wp\/v2\/pages\/343\/revisions"}],"predecessor-version":[{"id":239299,"href":"https:\/\/www.saegewerk-transporte.de\/de\/wp-json\/wp\/v2\/pages\/343\/revisions\/239299"}],"wp:attachment":[{"href":"https:\/\/www.saegewerk-transporte.de\/de\/wp-json\/wp\/v2\/media?parent=343"}],"curies":[{"name":"wp","href":"https:\/\/api.w.org\/{rel}","templated":true}]}}