{"id":30,"date":"2021-01-29T16:38:20","date_gmt":"2021-01-29T15:38:20","guid":{"rendered":"https:\/\/www.saegewerk-transporte.de\/de\/impressum\/"},"modified":"2025-07-29T10:19:12","modified_gmt":"2025-07-29T08:19:12","slug":"impressum","status":"publish","type":"page","link":"https:\/\/www.saegewerk-transporte.de\/de\/impressum\/","title":{"rendered":"Impressum"},"content":{"rendered":"<p>[et_pb_section fb_built=&#8220;1&#8243; _builder_version=&#8220;4.16&#8243; _module_preset=&#8220;default&#8220; custom_margin=&#8220;0px||0px||false|false&#8220; custom_padding=&#8220;0px||0px||false|false&#8220; global_colors_info=&#8220;{}&#8220;][et_pb_row _builder_version=&#8220;4.16&#8243; _module_preset=&#8220;default&#8220; background_image=&#8220;https:\/\/www.saegewerk-transporte.de\/de\/wp-content\/uploads\/2021\/03\/header-bunt.jpg&#8220; width=&#8220;100%&#8220; max_width=&#8220;100%&#8220; height=&#8220;100px&#8220; custom_margin=&#8220;0px||0px||false|false&#8220; custom_padding=&#8220;0px||0px||false|false&#8220; global_colors_info=&#8220;{}&#8220;][et_pb_column type=&#8220;4_4&#8243; _builder_version=&#8220;4.16&#8243; _module_preset=&#8220;default&#8220; global_colors_info=&#8220;{}&#8220;][et_pb_text admin_label=&#8220;stressfreier umzugsservice&#8220; _builder_version=&#8220;4.16&#8243; text_font=&#8220;||||||||&#8220; text_text_color=&#8220;#000000&#8243; text_font_size=&#8220;18px&#8220; text_line_height=&#8220;2.1em&#8220; header_font=&#8220;Oswald|500|||||||&#8220; header_text_color=&#8220;#141414&#8243; header_font_size=&#8220;60px&#8220; header_line_height=&#8220;1.4em&#8220; background_layout=&#8220;dark&#8220; custom_margin=&#8220;||||false|false&#8220; custom_padding=&#8220;||||false|false&#8220; text_font_size_tablet=&#8220;&#8220; text_font_size_phone=&#8220;15px&#8220; text_font_size_last_edited=&#8220;on|phone&#8220; header_font_tablet=&#8220;&#8220; header_font_phone=&#8220;&#8220; header_font_last_edited=&#8220;on|phone&#8220; header_font_size_tablet=&#8220;39px&#8220; header_font_size_phone=&#8220;31px&#8220; header_font_size_last_edited=&#8220;on|desktop&#8220; header_text_shadow_style=&#8220;preset1&#8243; header_text_shadow_horizontal_length=&#8220;0.03em&#8220; header_text_shadow_vertical_length=&#8220;0.01em&#8220; header_text_shadow_color=&#8220;#FFFFFF&#8220; global_colors_info=&#8220;{}&#8220;]<\/p>\n<h1 style=\"text-align: center;\">Stressfreier Umzugs-Service &#8211; <a href=\"tel:+492112395513\">0211 239 55 13<\/a><\/h1>\n<p>[\/et_pb_text][et_pb_text _module_preset=&#8220;default&#8220;]<\/p>\n<div class=\"woocommerce woocommerce-gzd woocommerce-gzd-complaints-shortcode\">\n\t\t\t<h3>Alternative Streitbeilegung gem\u00e4\u00df Art. 14 Abs. 1 ODR-VO und \u00a7 36 VSBG:<\/h3>\n\t\nZur Teilnahme an einem Streitbeilegungsverfahren vor einer Verbraucherschlichtungsstelle sind wir nicht verpflichtet und nicht bereit.<\/div>\n<p>[\/et_pb_text][\/et_pb_column][\/et_pb_row][\/et_pb_section][et_pb_section fb_built=&#8220;1&#8243; _builder_version=&#8220;4.16&#8243; background_color=&#8220;#FFFFFF&#8220; height=&#8220;60px&#8220; custom_margin=&#8220;0px|0px|0px|0px|false|false&#8220; custom_padding=&#8220;0px|0px|0px|0px|false|false&#8220; box_shadow_style=&#8220;preset3&#8243; box_shadow_vertical=&#8220;4px&#8220; box_shadow_spread=&#8220;-5px&#8220; box_shadow_color=&#8220;rgba(0,0,0,0.53)&#8220; global_colors_info=&#8220;{}&#8220;][et_pb_row _builder_version=&#8220;4.16&#8243; background_size=&#8220;initial&#8220; background_position=&#8220;top_left&#8220; background_repeat=&#8220;repeat&#8220; height=&#8220;6px&#8220; custom_margin=&#8220;0px||0px||false|false&#8220; custom_padding=&#8220;15px||0px||false|false&#8220; global_colors_info=&#8220;{}&#8220;][et_pb_column type=&#8220;4_4&#8243; _builder_version=&#8220;4.16&#8243; _module_preset=&#8220;default&#8220; global_colors_info=&#8220;{}&#8220;][et_pb_menu menu_style=&#8220;centered&#8220; active_link_color=&#8220;#000000&#8243; _builder_version=&#8220;4.16&#8243; _module_preset=&#8220;default&#8220; menu_font=&#8220;|600|||||||&#8220; menu_text_color=&#8220;#000000&#8243; menu_font_size=&#8220;20px&#8220; global_colors_info=&#8220;{}&#8220;][\/et_pb_menu][\/et_pb_column][\/et_pb_row][\/et_pb_section][et_pb_section fb_built=&#8220;1&#8243; _builder_version=&#8220;4.16&#8243; global_colors_info=&#8220;{}&#8220;][et_pb_row _builder_version=&#8220;4.16&#8243; background_size=&#8220;initial&#8220; background_position=&#8220;top_left&#8220; background_repeat=&#8220;repeat&#8220; global_colors_info=&#8220;{}&#8220;][et_pb_column type=&#8220;4_4&#8243; _builder_version=&#8220;4.16&#8243; custom_padding=&#8220;|||&#8220; global_colors_info=&#8220;{}&#8220; custom_padding__hover=&#8220;|||&#8220;][et_pb_text _builder_version=&#8220;4.25.1&#8243; background_size=&#8220;initial&#8220; background_position=&#8220;top_left&#8220; background_repeat=&#8220;repeat&#8220; hover_enabled=&#8220;0&#8243; global_colors_info=&#8220;{}&#8220; sticky_enabled=&#8220;0&#8243;]<\/p>\n<h1>Impressum<\/h1>\n<p>&nbsp;<\/p>\n<h3>Inhaltlich verantwortlich:<\/h3>\n<p>S\u00e4gewerk Transporte GmbH<br \/>Pinienstr. 23a<br \/>40233 D\u00fcsseldorf<\/p>\n<p>Handelsregister: HRB 38 362<br \/>Registergericht: Amtsgericht D\u00fcsseldorf<\/p>\n<p><strong>Vertreten durch:<\/strong><br \/>Vasile Ursache<\/p>\n<h3>Kontakt<\/h3>\n<p>Telefon: +49 \u2013 211 \u2013 239 55 13<br \/>Telefax: +49 \u2013 211 \u2013 239 55 145<br \/>E-Mail: info@saegewerk-transporte.de<\/p>\n<h3>Umsatzsteuer-ID<\/h3>\n<p>Umsatzsteuer-Identifikationsnummer gem\u00e4\u00df \u00a7 27 a Umsatzsteuergesetz:<br \/>DE 205 55 72 58<\/p>\n<p>&nbsp;<\/p>\n<h3>EU-Streitschlichtung<\/h3>\n<p>Die Europ\u00e4ische Kommission stellt eine Plattform zur Online-Streitbeilegung (OS) bereit: <a href=\"https:\/\/ec.europa.eu\/consumers\/odr\/\" target=\"_blank\" rel=\"noopener noreferrer\">https:\/\/ec.europa.eu\/consumers\/odr\/<\/a>.<br \/>Unsere E-Mail-Adresse finden Sie oben im Impressum.<\/p>\n<h3>Verbraucher\u00adstreit\u00adbeilegung\/Universal\u00adschlichtungs\u00adstelle<\/h3>\n<p>Wir sind nicht bereit oder verpflichtet, an Streitbeilegungsverfahren vor einer Verbraucherschlichtungsstelle teilzunehmen.<\/p>\n<p>Quelle: <a href=\"https:\/\/www.e-recht24.de\">e-recht24.de<\/a><\/p>\n<p>[\/et_pb_text][\/et_pb_column][\/et_pb_row][\/et_pb_section][et_pb_section fb_built=&#8220;1&#8243; _builder_version=&#8220;4.16&#8243; _module_preset=&#8220;default&#8220; background_color=&#8220;#3f3f3f&#8220; custom_padding=&#8220;||0px|||&#8220; global_colors_info=&#8220;{}&#8220;][et_pb_row column_structure=&#8220;1_4,1_4,1_4,1_4&#8243; _builder_version=&#8220;4.16&#8243; _module_preset=&#8220;default&#8220; global_colors_info=&#8220;{}&#8220;][et_pb_column type=&#8220;1_4&#8243; _builder_version=&#8220;4.16&#8243; _module_preset=&#8220;default&#8220; global_colors_info=&#8220;{}&#8220;][et_pb_text _builder_version=&#8220;4.16&#8243; _module_preset=&#8220;default&#8220; text_text_color=&#8220;#FFFFFF&#8220; global_colors_info=&#8220;{}&#8220;]<\/p>\n<div class=\"footer-widget\">\n<div id=\"text-3\" class=\"fwidget et_pb_widget widget_text\">\n<h4 class=\"title\"><span style=\"color: #ff9900;\">Kontakt<\/span><\/h4>\n<div class=\"textwidget\">\n<p>Pinienstr. 23a<br \/>40233 D\u00fcsseldorf<\/p>\n<p>Telefon: +49 \u2013 211 \u2013 239 55 13<br \/>Telefax: +49 \u2013 211 \u2013 239 55 145<\/p>\n<p>E-Mail:<br \/><span style=\"color: #ff9900;\"><a href=\"mailto:info@saegewerk-transporte.de\" style=\"color: #ff9900;\">info@saegewerk-transporte.de<\/a><\/span><\/p>\n<\/div>\n<\/div>\n<\/div>\n<p>[\/et_pb_text][\/et_pb_column][et_pb_column type=&#8220;1_4&#8243; _builder_version=&#8220;4.16&#8243; _module_preset=&#8220;default&#8220; global_colors_info=&#8220;{}&#8220;][et_pb_text _builder_version=&#8220;4.19.1&#8243; _module_preset=&#8220;default&#8220; text_text_color=&#8220;#FFFFFF&#8220; global_colors_info=&#8220;{}&#8220;]<\/p>\n<div class=\"footer-widget\">\n<div id=\"text-3\" class=\"fwidget et_pb_widget widget_text\">\n<div class=\"footer-widget\">\n<div id=\"text-5\" class=\"fwidget et_pb_widget widget_text\">\n<h4 class=\"title\"><span style=\"color: #ff9900;\">\u00d6ffnungszeiten<\/span><\/h4>\n<div class=\"textwidget\">\n<p>Montag \u2013 Freitag (<strong>Umzugsshop &amp; B\u00fcro<\/strong>):<br \/>09:00 Uhr bis 18:00 Uhr<\/p>\n<p>Samstag (<strong>Nur Umzugsshop<\/strong>) :<br \/>09:00 Uhr bis 13:00 Uhr<\/p>\n<\/div>\n<\/div>\n<\/div>\n<div class=\"textwidget\">\u00a0<\/div>\n<\/div>\n<\/div>\n<p>[\/et_pb_text][\/et_pb_column][et_pb_column type=&#8220;1_4&#8243; _builder_version=&#8220;4.16&#8243; _module_preset=&#8220;default&#8220; global_colors_info=&#8220;{}&#8220;][et_pb_text _builder_version=&#8220;4.16&#8243; _module_preset=&#8220;default&#8220; text_text_color=&#8220;#FFFFFF&#8220; global_colors_info=&#8220;{}&#8220;]<\/p>\n<div class=\"footer-widget\">\n<div id=\"text-3\" class=\"fwidget et_pb_widget widget_text\">\n<h4 class=\"title\"><span style=\"color: #ff9900;\">Bankverbindungen<\/span><\/h4>\n<div class=\"textwidget\">\n<p>Stadtsparkasse D\u00fcsseldorf<br \/>IBAN:<br \/>DE67 3005 0110 0046 0160 02<br \/>SWIFT-BIC:<br \/>DUSSDEDDXXX<\/p>\n<p>Deutsche Bank<br \/>IBAN:<br \/>DE32 3107 0024 0598 5643 00<br \/>SWIFT-BIC:<br \/>DEUTDEDB310<\/p>\n<\/div>\n<div class=\"textwidget\"><\/div>\n<\/div>\n<\/div>\n<p>[\/et_pb_text][\/et_pb_column][et_pb_column type=&#8220;1_4&#8243; _builder_version=&#8220;4.16&#8243; _module_preset=&#8220;default&#8220; global_colors_info=&#8220;{}&#8220;][et_pb_text _builder_version=&#8220;4.16&#8243; _module_preset=&#8220;default&#8220; text_text_color=&#8220;#FFFFFF&#8220; global_colors_info=&#8220;{}&#8220;]<\/p>\n<div class=\"footer-widget\">\n<div id=\"text-3\" class=\"fwidget et_pb_widget widget_text\">\n<div class=\"footer-widget\">\n<div id=\"text-4\" class=\"fwidget et_pb_widget widget_text\">\n<h4 class=\"title\"><span style=\"color: #ff9900;\">Rechtliches<\/span><\/h4>\n<div class=\"textwidget\">\n<p><span style=\"color: #ff9900;\"><a href=\"https:\/\/www.saegewerk-transporte.de\/de\/impressum\/\" style=\"color: #ff9900;\">Impressum<\/a><\/span><\/p>\n<p><a href=\"https:\/\/www.saegewerk-transporte.de\/de\/datenschutzerklaerung\/\"><span style=\"color: #ff9900;\">Datenschutzerkl\u00e4rung<\/span><\/a><\/p>\n<\/div>\n<\/div>\n<\/div>\n<div class=\"textwidget\"><\/div>\n<\/div>\n<\/div>\n<p>[\/et_pb_text][\/et_pb_column][\/et_pb_row][\/et_pb_section][et_pb_section fb_built=&#8220;1&#8243; _builder_version=&#8220;4.16&#8243; _module_preset=&#8220;default&#8220; background_color=&#8220;#000000&#8243; height=&#8220;80px&#8220; global_colors_info=&#8220;{}&#8220;][et_pb_row _builder_version=&#8220;4.16&#8243; _module_preset=&#8220;default&#8220; custom_margin=&#8220;0px||0px||true|false&#8220; custom_padding=&#8220;0px||0px||true|false&#8220; global_colors_info=&#8220;{}&#8220;][et_pb_column type=&#8220;4_4&#8243; _builder_version=&#8220;4.16&#8243; _module_preset=&#8220;default&#8220; global_colors_info=&#8220;{}&#8220;][et_pb_text _builder_version=&#8220;4.16&#8243; _module_preset=&#8220;default&#8220; global_colors_info=&#8220;{}&#8220;]<\/p>\n<p><span style=\"color: #ffffff;\">Design by <a href=\"https:\/\/internetgates.de\" target=\"_blank\" rel=\"noopener\" style=\"color: #ffffff;\"> Internetgates<\/a> | \u00a9 2021 saegewerk-transporte.de<\/span><\/p>\n<p>[\/et_pb_text][\/et_pb_column][\/et_pb_row][\/et_pb_section]<\/p>\n","protected":false},"excerpt":{"rendered":"<p>Stressfreier Umzugs-Service &#8211; 0211 239 55 13<div class=\"woocommerce woocommerce-gzd woocommerce-gzd-complaints-shortcode\">\n\t\t\t<h3>Alternative Streitbeilegung gem\u00e4\u00df Art. 14 Abs. 1 ODR-VO und \u00a7 36 VSBG:<\/h3>\n\t\nZur Teilnahme an einem Streitbeilegungsverfahren vor einer Verbraucherschlichtungsstelle sind wir nicht verpflichtet und nicht bereit.<\/div> Impressum &nbsp; Inhaltlich verantwortlich: S\u00e4gewerk Transporte GmbHPinienstr. 23a40233 D\u00fcsseldorf Handelsregister: HRB 38 362Registergericht: Amtsgericht D\u00fcsseldorf Vertreten durch:Vasile Ursache Kontakt Telefon: +49 \u2013 211 \u2013 239 55 13Telefax: +49 \u2013 211 \u2013 239 55 145E-Mail: info@saegewerk-transporte.de Umsatzsteuer-ID Umsatzsteuer-Identifikationsnummer gem\u00e4\u00df \u00a7 27 a Umsatzsteuergesetz:DE 205 55 72 58 &nbsp; EU-Streitschlichtung [&hellip;]<\/p>\n","protected":false},"author":1,"featured_media":0,"parent":0,"menu_order":0,"comment_status":"closed","ping_status":"closed","template":"page-template-blank.php","meta":{"_et_pb_use_builder":"on","_et_pb_old_content":"<h2>Angaben gem\u00e4\u00df \u00a7 5 TMG<\/h2>\r\n<p>S\u00e4gewerk Transporte GmbH<br \/>\r\nPinienstr. 23a<br \/>\r\n40233 D\u00fcsseldorf<\/p>\r\n\r\n<p>Handelsregister: HRB 38 362<br \/>\r\nRegistergericht: Amtsgericht D\u00fcsseldorf<\/p>\r\n\r\n<p><strong>Vertreten durch:<\/strong><br \/>\r\nVasile Ursache<\/p>\r\n\r\n<h2>Kontakt<\/h2>\r\n<p>Telefon: +49 \u2013 211 \u2013 239 55 13<br \/>\r\nTelefax: +49 \u2013 211 \u2013 239 55 145<br \/>\r\nE-Mail: info@saegewerk-transporte.de<\/p>\r\n\r\n<h2>Umsatzsteuer-ID<\/h2>\r\n<p>Umsatzsteuer-Identifikationsnummer gem\u00e4\u00df \u00a7 27 a Umsatzsteuergesetz:<br \/>\r\nDE 205 55 72 58<\/p>\r\n\r\n<h2>Angaben zur Berufshaftpflichtversicherung<\/h2>\r\n<p><strong>Name und Sitz des Versicherers:<\/strong><br \/>\r\nName und Anschrift:<\/p>\r\n<p><strong>Geltungsraum der Versicherung:<\/strong><br \/>R\u00e4umliche Geltung: Welche L\u00e4nder?<\/p>\r\n\r\n<h2>EU-Streitschlichtung<\/h2>\r\n<p>Die Europ\u00e4ische Kommission stellt eine Plattform zur Online-Streitbeilegung (OS) bereit: <a href=\"https:\/\/ec.europa.eu\/consumers\/odr\/\" target=\"_blank\" rel=\"noopener noreferrer\">https:\/\/ec.europa.eu\/consumers\/odr\/<\/a>.<br \/> Unsere E-Mail-Adresse finden Sie oben im Impressum.<\/p>\r\n\r\n<h2>Verbraucher\u00adstreit\u00adbeilegung\/Universal\u00adschlichtungs\u00adstelle<\/h2>\r\n<p>Wir sind nicht bereit oder verpflichtet, an Streitbeilegungsverfahren vor einer Verbraucherschlichtungsstelle teilzunehmen.<\/p>\r\n\r\n<p>Quelle: <a href=\"https:\/\/www.e-recht24.de\">e-recht24.de<\/a><\/p>","_et_gb_content_width":"","footnotes":""},"class_list":["post-30","page","type-page","status-publish","hentry"],"_links":{"self":[{"href":"https:\/\/www.saegewerk-transporte.de\/de\/wp-json\/wp\/v2\/pages\/30","targetHints":{"allow":["GET"]}}],"collection":[{"href":"https:\/\/www.saegewerk-transporte.de\/de\/wp-json\/wp\/v2\/pages"}],"about":[{"href":"https:\/\/www.saegewerk-transporte.de\/de\/wp-json\/wp\/v2\/types\/page"}],"author":[{"embeddable":true,"href":"https:\/\/www.saegewerk-transporte.de\/de\/wp-json\/wp\/v2\/users\/1"}],"replies":[{"embeddable":true,"href":"https:\/\/www.saegewerk-transporte.de\/de\/wp-json\/wp\/v2\/comments?post=30"}],"version-history":[{"count":3,"href":"https:\/\/www.saegewerk-transporte.de\/de\/wp-json\/wp\/v2\/pages\/30\/revisions"}],"predecessor-version":[{"id":240152,"href":"https:\/\/www.saegewerk-transporte.de\/de\/wp-json\/wp\/v2\/pages\/30\/revisions\/240152"}],"wp:attachment":[{"href":"https:\/\/www.saegewerk-transporte.de\/de\/wp-json\/wp\/v2\/media?parent=30"}],"curies":[{"name":"wp","href":"https:\/\/api.w.org\/{rel}","templated":true}]}}