{"id":181,"date":"2021-02-17T09:12:01","date_gmt":"2021-02-17T08:12:01","guid":{"rendered":"https:\/\/www.saegewerk-transporte.de\/de\/?page_id=181"},"modified":"2024-02-20T09:02:56","modified_gmt":"2024-02-20T08:02:56","slug":"service","status":"publish","type":"page","link":"https:\/\/www.saegewerk-transporte.de\/de\/service\/","title":{"rendered":"Service"},"content":{"rendered":"<p>[et_pb_section fb_built=&#8220;1&#8243; _builder_version=&#8220;4.16&#8243; _module_preset=&#8220;default&#8220; custom_margin=&#8220;0px||0px||false|false&#8220; custom_padding=&#8220;0px||0px||false|false&#8220; global_colors_info=&#8220;{}&#8220;][et_pb_row _builder_version=&#8220;4.16&#8243; _module_preset=&#8220;default&#8220; background_image=&#8220;https:\/\/www.saegewerk-transporte.de\/de\/wp-content\/uploads\/2021\/03\/header-bunt.jpg&#8220; width=&#8220;100%&#8220; max_width=&#8220;100%&#8220; height=&#8220;100px&#8220; custom_margin=&#8220;0px||0px||false|false&#8220; custom_padding=&#8220;0px||0px||false|false&#8220; global_colors_info=&#8220;{}&#8220;][et_pb_column type=&#8220;4_4&#8243; _builder_version=&#8220;4.16&#8243; _module_preset=&#8220;default&#8220; global_colors_info=&#8220;{}&#8220;][et_pb_text admin_label=&#8220;stressfreier umzugsservice&#8220; _builder_version=&#8220;4.16&#8243; text_font=&#8220;||||||||&#8220; text_text_color=&#8220;#000000&#8243; text_font_size=&#8220;18px&#8220; text_line_height=&#8220;2.1em&#8220; header_font=&#8220;Oswald|500|||||||&#8220; header_text_color=&#8220;#141414&#8243; header_font_size=&#8220;60px&#8220; header_line_height=&#8220;1.4em&#8220; background_layout=&#8220;dark&#8220; custom_margin=&#8220;||||false|false&#8220; custom_padding=&#8220;||||false|false&#8220; text_font_size_tablet=&#8220;&#8220; text_font_size_phone=&#8220;15px&#8220; text_font_size_last_edited=&#8220;on|phone&#8220; header_font_tablet=&#8220;&#8220; header_font_phone=&#8220;&#8220; header_font_last_edited=&#8220;on|phone&#8220; header_font_size_tablet=&#8220;39px&#8220; header_font_size_phone=&#8220;31px&#8220; header_font_size_last_edited=&#8220;on|desktop&#8220; header_text_shadow_style=&#8220;preset1&#8243; header_text_shadow_horizontal_length=&#8220;0.03em&#8220; header_text_shadow_vertical_length=&#8220;0.01em&#8220; header_text_shadow_color=&#8220;#FFFFFF&#8220; global_colors_info=&#8220;{}&#8220;]<\/p>\n<h1 style=\"text-align: center;\">Stressfreier Umzugs-Service &#8211; <a href=\"tel:+492112395513\">0211 239 55 13<\/a><\/h1>\n<p>[\/et_pb_text][\/et_pb_column][\/et_pb_row][\/et_pb_section][et_pb_section fb_built=&#8220;1&#8243; _builder_version=&#8220;4.9.3&#8243; background_color=&#8220;#FFFFFF&#8220; height=&#8220;60px&#8220; custom_margin=&#8220;0px|0px|0px|0px|false|false&#8220; custom_padding=&#8220;0px|0px|0px|0px|false|false&#8220; box_shadow_style=&#8220;preset3&#8243; box_shadow_vertical=&#8220;4px&#8220; box_shadow_spread=&#8220;-5px&#8220; box_shadow_color=&#8220;rgba(0,0,0,0.53)&#8220; global_module=&#8220;854&#8243; collapsed=&#8220;on&#8220; global_colors_info=&#8220;{}&#8220;][et_pb_row _builder_version=&#8220;4.16&#8243; background_size=&#8220;initial&#8220; background_position=&#8220;top_left&#8220; background_repeat=&#8220;repeat&#8220; height=&#8220;6px&#8220; custom_margin=&#8220;0px||0px||false|false&#8220; custom_padding=&#8220;15px||0px||false|false&#8220; global_colors_info=&#8220;{}&#8220;][et_pb_column type=&#8220;4_4&#8243; _builder_version=&#8220;4.16&#8243; _module_preset=&#8220;default&#8220; global_colors_info=&#8220;{}&#8220;][et_pb_menu menu_style=&#8220;centered&#8220; active_link_color=&#8220;#000000&#8243; _builder_version=&#8220;4.16&#8243; _module_preset=&#8220;default&#8220; menu_font=&#8220;|600|||||||&#8220; menu_text_color=&#8220;#000000&#8243; menu_font_size=&#8220;20px&#8220; global_colors_info=&#8220;{}&#8220;][\/et_pb_menu][\/et_pb_column][\/et_pb_row][\/et_pb_section][et_pb_section fb_built=&#8220;1&#8243; _builder_version=&#8220;4.16&#8243; _module_preset=&#8220;default&#8220; global_colors_info=&#8220;{}&#8220;][et_pb_row module_id=&#8220;nochmehrservice&#8220; _builder_version=&#8220;4.16&#8243; _module_preset=&#8220;default&#8220; global_colors_info=&#8220;{}&#8220;][et_pb_column type=&#8220;4_4&#8243; _builder_version=&#8220;4.16&#8243; _module_preset=&#8220;default&#8220; global_colors_info=&#8220;{}&#8220;][et_pb_text _builder_version=&#8220;4.16&#8243; _module_preset=&#8220;default&#8220; global_colors_info=&#8220;{}&#8220;]<\/p>\n<h1>Mehr Service f\u00fcr unsere Kunden<\/h1>\n<p>[\/et_pb_text][\/et_pb_column][\/et_pb_row][et_pb_row column_structure=&#8220;1_2,1_2&#8243; module_id=&#8220;kostenvoranschlag&#8220; _builder_version=&#8220;4.16&#8243; _module_preset=&#8220;default&#8220; global_colors_info=&#8220;{}&#8220;][et_pb_column type=&#8220;1_2&#8243; _builder_version=&#8220;4.16&#8243; _module_preset=&#8220;default&#8220; global_colors_info=&#8220;{}&#8220;][et_pb_text _builder_version=&#8220;4.16&#8243; _module_preset=&#8220;default&#8220; global_colors_info=&#8220;{}&#8220;]<\/p>\n<h1>Kostenvoranschl\u00e4ge<\/h1>\n<p>Ein Umzug kostet Geld. Damit Sie eine Planungssicherheit haben, erstellen wir Ihnen auf der Basis Ihrer Informationen und den individuellen Anforderungen Ihres Umzugs einen zuverl\u00e4ssigen und fairen Kostenvoranschlag f\u00fcr Ihren Umzug. Unsere Mitarbeiter beraten Sie gerne und ausf\u00fchrlich vor Ort, oder Sie f\u00fcllen einfach unsere Umzugsgutliste aus.\u00a0<\/p>\n<p><a href=\"https:\/\/www.saegewerk-transporte.de\/de\/kostenvoranschlaege\/\" title=\"Mehr \u00fcber Kostenvoranschl\u00e4ge\">Mehr \u00fcber Kostenvoranschl\u00e4ge<\/a><\/p>\n<p>[\/et_pb_text][\/et_pb_column][et_pb_column type=&#8220;1_2&#8243; _builder_version=&#8220;4.16&#8243; _module_preset=&#8220;default&#8220; global_colors_info=&#8220;{}&#8220;][et_pb_image src=&#8220;https:\/\/www.saegewerk-transporte.de\/de\/wp-content\/uploads\/2021\/04\/saegewerk-transporte-kostenvoranschlag.jpg&#8220; title_text=&#8220;saegewerk-transporte-kostenvoranschlag&#8220; _builder_version=&#8220;4.16&#8243; _module_preset=&#8220;default&#8220; global_colors_info=&#8220;{}&#8220;][\/et_pb_image][\/et_pb_column][\/et_pb_row][et_pb_row column_structure=&#8220;1_2,1_2&#8243; module_id=&#8220;umzugsgutliste&#8220; _builder_version=&#8220;4.16&#8243; _module_preset=&#8220;default&#8220; global_colors_info=&#8220;{}&#8220;][et_pb_column type=&#8220;1_2&#8243; _builder_version=&#8220;4.16&#8243; _module_preset=&#8220;default&#8220; global_colors_info=&#8220;{}&#8220;][et_pb_image src=&#8220;https:\/\/www.saegewerk-transporte.de\/de\/wp-content\/uploads\/2021\/04\/saegewerk-transporte-umzugsgutliste.jpg&#8220; title_text=&#8220;saegewerk-transporte-umzugsgutliste&#8220; _builder_version=&#8220;4.16&#8243; _module_preset=&#8220;default&#8220; global_colors_info=&#8220;{}&#8220;][\/et_pb_image][\/et_pb_column][et_pb_column type=&#8220;1_2&#8243; _builder_version=&#8220;4.16&#8243; _module_preset=&#8220;default&#8220; global_colors_info=&#8220;{}&#8220;][et_pb_text _builder_version=&#8220;4.16&#8243; _module_preset=&#8220;default&#8220; global_colors_info=&#8220;{}&#8220;]<\/p>\n<h1>Umzugsgutliste<\/h1>\n<p>Sie helfen uns sehr, wenn Sie uns eine Umzugsgutliste ausgef\u00fcllt zusenden. Nach Eingang der Liste setzen wir uns mit Ihnen in Verbindung.<br \/>Alternativ zum Onlineformular k\u00f6nnen Sie die Liste auch als <a href=\"https:\/\/www.saegewerk-transporte.de\/de\/wp-content\/uploads\/2021\/06\/umzugsliste.pdf\" title=\"Umzugsgutliste downloaden\">PDF-File<\/a> herunterladen (37 kb).<\/p>\n<p><a href=\"https:\/\/www.saegewerk-transporte.de\/de\/umzugsgutliste\/\" title=\"Hier geht es zur Umzugsgutliste\">Hier geht es zur Umzugsgutliste<\/a><\/p>\n<p>[\/et_pb_text][\/et_pb_column][\/et_pb_row][et_pb_row column_structure=&#8220;1_2,1_2&#8243; module_id=&#8220;montagearbeiten&#8220; _builder_version=&#8220;4.16&#8243; _module_preset=&#8220;default&#8220; global_colors_info=&#8220;{}&#8220;][et_pb_column type=&#8220;1_2&#8243; _builder_version=&#8220;4.16&#8243; _module_preset=&#8220;default&#8220; global_colors_info=&#8220;{}&#8220;][et_pb_text _builder_version=&#8220;4.16&#8243; _module_preset=&#8220;default&#8220; global_colors_info=&#8220;{}&#8220;]<\/p>\n<h1>Montagearbeiten<\/h1>\n<p>M\u00f6bel abzubauen und wieder neu zu montieren kann wirklich Nerven kosten! Das richtige Werkzeug, Kenntnisse dar\u00fcber wie ein M\u00f6bel aufgebaut ist und welche Tricks es f\u00fcr eine fachkundige Demontage und erneute Montage gibt sind Grundvoraussetzungen f\u00fcr zwei entscheidende Punkte:<\/p>\n<ol><\/ol>\n<p><a href=\"https:\/\/www.saegewerk-transporte.de\/de\/montagearbeiten-2\/\" title=\"Mehr \u00fcber Montagearbeiten\">Mehr \u00fcber Montagearbeiten<\/a><\/p>\n<p>[\/et_pb_text][\/et_pb_column][et_pb_column type=&#8220;1_2&#8243; _builder_version=&#8220;4.16&#8243; _module_preset=&#8220;default&#8220; global_colors_info=&#8220;{}&#8220;][et_pb_image src=&#8220;https:\/\/www.saegewerk-transporte.de\/de\/wp-content\/uploads\/2024\/02\/saegewerk-transporte-moebelmontage.jpg&#8220; title_text=&#8220;saegewerk-transporte-moebelmontage&#8220; _builder_version=&#8220;4.24.1&#8243; _module_preset=&#8220;default&#8220; hover_enabled=&#8220;0&#8243; global_colors_info=&#8220;{}&#8220; sticky_enabled=&#8220;0&#8243;][\/et_pb_image][\/et_pb_column][\/et_pb_row][et_pb_row column_structure=&#8220;1_2,1_2&#8243; module_id=&#8220;kuechenmontage&#8220; _builder_version=&#8220;4.16&#8243; _module_preset=&#8220;default&#8220; global_colors_info=&#8220;{}&#8220;][et_pb_column type=&#8220;1_2&#8243; _builder_version=&#8220;4.16&#8243; _module_preset=&#8220;default&#8220; global_colors_info=&#8220;{}&#8220;][et_pb_image src=&#8220;https:\/\/www.saegewerk-transporte.de\/de\/wp-content\/uploads\/2024\/02\/saegewerk-transporte-kuechenmontage.jpg&#8220; title_text=&#8220;saegewerk-transporte-kuechenmontage&#8220; _builder_version=&#8220;4.24.1&#8243; _module_preset=&#8220;default&#8220; hover_enabled=&#8220;0&#8243; global_colors_info=&#8220;{}&#8220; sticky_enabled=&#8220;0&#8243;][\/et_pb_image][\/et_pb_column][et_pb_column type=&#8220;1_2&#8243; _builder_version=&#8220;4.16&#8243; _module_preset=&#8220;default&#8220; global_colors_info=&#8220;{}&#8220;][et_pb_text _builder_version=&#8220;4.16&#8243; _module_preset=&#8220;default&#8220; global_colors_info=&#8220;{}&#8220;]<\/p>\n<h1>K\u00fcchenmontage<\/h1>\n<p>Wie baue ich eine K\u00fcche ab und wieder auf? Eine Frage, die sich viele stellen, wenn die K\u00fcche mit umziehen soll. Die Antwort haben wir von S\u00e4gewerk Transporte f\u00fcr Sie. Die Demontage und den fachgerechten Wiederaufbau Ihrer K\u00fcche \u00fcbernehmen unsere erfahrenen Fachhandwerker, M\u00f6belschreiner und Monteure. Mit Ihnen<br \/>zusammen planen und realisieren wir den Aufbau in der neuen Adresse.<\/p>\n<p><a href=\"https:\/\/www.saegewerk-transporte.de\/de\/kuechenmontage\/\" title=\"Mehr \u00fcber K\u00fcchenmontage\">Mehr \u00fcber K\u00fcchenmontage<\/a><\/p>\n<p>[\/et_pb_text][\/et_pb_column][\/et_pb_row][et_pb_row column_structure=&#8220;1_2,1_2&#8243; module_id=&#8220;beiladungen&#8220; _builder_version=&#8220;4.16&#8243; _module_preset=&#8220;default&#8220; global_colors_info=&#8220;{}&#8220;][et_pb_column type=&#8220;1_2&#8243; _builder_version=&#8220;4.16&#8243; _module_preset=&#8220;default&#8220; global_colors_info=&#8220;{}&#8220;][et_pb_text _builder_version=&#8220;4.16&#8243; _module_preset=&#8220;default&#8220; global_colors_info=&#8220;{}&#8220;]<\/p>\n<h1>Beiladungen<\/h1>\n<p>Manchmal muss es kein kompletter Umzug sein. Allein der Transport von einzelnen M\u00f6belst\u00fccken ist manchmal schon eine Herausforderung. Haben Sie nur kleines Umzugsgut zu transportieren, realisieren wir diese Transporte auch gerne als sogenannte Beiladungen. Wir bieten noch nicht ganz ausgesch\u00f6pfte Ladefl\u00e4che zu attraktiven Konditionen oder stellen einen LKW-Anh\u00e4nger zur Verf\u00fcgung. So kann ein Umzug mit uns kosteng\u00fcnstig durchgef\u00fchrt werden. National und International.<\/p>\n<p><a href=\"https:\/\/www.saegewerk-transporte.de\/de\/beiladungen\/\" title=\"Mehr \u00fcber Beiladungen\">Mehr \u00fcber Beiladungen<\/a><\/p>\n<p>[\/et_pb_text][\/et_pb_column][et_pb_column type=&#8220;1_2&#8243; _builder_version=&#8220;4.16&#8243; _module_preset=&#8220;default&#8220; global_colors_info=&#8220;{}&#8220;][et_pb_image src=&#8220;https:\/\/www.saegewerk-transporte.de\/de\/wp-content\/uploads\/2021\/04\/saegewerk-beiladung-770.jpg&#8220; title_text=&#8220;saegewerk-beiladung-770&#8243; _builder_version=&#8220;4.16&#8243; _module_preset=&#8220;default&#8220; global_colors_info=&#8220;{}&#8220;][\/et_pb_image][\/et_pb_column][\/et_pb_row][et_pb_row column_structure=&#8220;1_2,1_2&#8243; module_id=&#8220;reinigungsservice&#8220; _builder_version=&#8220;4.16&#8243; _module_preset=&#8220;default&#8220; global_colors_info=&#8220;{}&#8220;][et_pb_column type=&#8220;1_2&#8243; _builder_version=&#8220;4.16&#8243; _module_preset=&#8220;default&#8220; global_colors_info=&#8220;{}&#8220;][\/et_pb_column][et_pb_column type=&#8220;1_2&#8243; _builder_version=&#8220;4.16&#8243; _module_preset=&#8220;default&#8220; global_colors_info=&#8220;{}&#8220;][\/et_pb_column][\/et_pb_row][\/et_pb_section]<\/p>\n","protected":false},"excerpt":{"rendered":"<p>Stressfreier Umzugs-Service &#8211; 0211 239 55 13Mehr Service f\u00fcr unsere KundenKostenvoranschl\u00e4ge Ein Umzug kostet Geld. Damit Sie eine Planungssicherheit haben, erstellen wir Ihnen auf der Basis Ihrer Informationen und den individuellen Anforderungen Ihres Umzugs einen zuverl\u00e4ssigen und fairen Kostenvoranschlag f\u00fcr Ihren Umzug. Unsere Mitarbeiter beraten Sie gerne und ausf\u00fchrlich vor Ort, oder Sie f\u00fcllen einfach [&hellip;]<\/p>\n","protected":false},"author":1,"featured_media":0,"parent":0,"menu_order":0,"comment_status":"closed","ping_status":"closed","template":"","meta":{"_et_pb_use_builder":"on","_et_pb_old_content":"","_et_gb_content_width":"","footnotes":""},"class_list":["post-181","page","type-page","status-publish","hentry"],"_links":{"self":[{"href":"https:\/\/www.saegewerk-transporte.de\/de\/wp-json\/wp\/v2\/pages\/181","targetHints":{"allow":["GET"]}}],"collection":[{"href":"https:\/\/www.saegewerk-transporte.de\/de\/wp-json\/wp\/v2\/pages"}],"about":[{"href":"https:\/\/www.saegewerk-transporte.de\/de\/wp-json\/wp\/v2\/types\/page"}],"author":[{"embeddable":true,"href":"https:\/\/www.saegewerk-transporte.de\/de\/wp-json\/wp\/v2\/users\/1"}],"replies":[{"embeddable":true,"href":"https:\/\/www.saegewerk-transporte.de\/de\/wp-json\/wp\/v2\/comments?post=181"}],"version-history":[{"count":3,"href":"https:\/\/www.saegewerk-transporte.de\/de\/wp-json\/wp\/v2\/pages\/181\/revisions"}],"predecessor-version":[{"id":239664,"href":"https:\/\/www.saegewerk-transporte.de\/de\/wp-json\/wp\/v2\/pages\/181\/revisions\/239664"}],"wp:attachment":[{"href":"https:\/\/www.saegewerk-transporte.de\/de\/wp-json\/wp\/v2\/media?parent=181"}],"curies":[{"name":"wp","href":"https:\/\/api.w.org\/{rel}","templated":true}]}}