{"id":177,"date":"2021-02-17T09:11:35","date_gmt":"2021-02-17T08:11:35","guid":{"rendered":"https:\/\/www.saegewerk-transporte.de\/de\/?page_id=177"},"modified":"2024-08-27T14:45:59","modified_gmt":"2024-08-27T12:45:59","slug":"lagerung","status":"publish","type":"page","link":"https:\/\/www.saegewerk-transporte.de\/de\/lagerung\/","title":{"rendered":"Lagerung"},"content":{"rendered":"<p>[et_pb_section fb_built=&#8220;1&#8243; _builder_version=&#8220;4.16&#8243; _module_preset=&#8220;default&#8220; custom_margin=&#8220;0px||0px||false|false&#8220; custom_padding=&#8220;0px||0px||false|false&#8220; global_colors_info=&#8220;{}&#8220;][et_pb_row _builder_version=&#8220;4.16&#8243; _module_preset=&#8220;default&#8220; background_image=&#8220;https:\/\/www.saegewerk-transporte.de\/de\/wp-content\/uploads\/2021\/03\/header-bunt.jpg&#8220; width=&#8220;100%&#8220; max_width=&#8220;100%&#8220; height=&#8220;100px&#8220; custom_margin=&#8220;0px||0px||false|false&#8220; custom_padding=&#8220;0px||0px||false|false&#8220; global_colors_info=&#8220;{}&#8220;][et_pb_column type=&#8220;4_4&#8243; _builder_version=&#8220;4.16&#8243; _module_preset=&#8220;default&#8220; global_colors_info=&#8220;{}&#8220;][et_pb_text admin_label=&#8220;stressfreier umzugsservice&#8220; _builder_version=&#8220;4.16&#8243; text_font=&#8220;||||||||&#8220; text_text_color=&#8220;#000000&#8243; text_font_size=&#8220;18px&#8220; text_line_height=&#8220;2.1em&#8220; header_font=&#8220;Oswald|500|||||||&#8220; header_text_color=&#8220;#141414&#8243; header_font_size=&#8220;60px&#8220; header_line_height=&#8220;1.4em&#8220; background_layout=&#8220;dark&#8220; custom_margin=&#8220;||||false|false&#8220; custom_padding=&#8220;||||false|false&#8220; text_font_size_tablet=&#8220;&#8220; text_font_size_phone=&#8220;15px&#8220; text_font_size_last_edited=&#8220;on|phone&#8220; header_font_tablet=&#8220;&#8220; header_font_phone=&#8220;&#8220; header_font_last_edited=&#8220;on|phone&#8220; header_font_size_tablet=&#8220;39px&#8220; header_font_size_phone=&#8220;31px&#8220; header_font_size_last_edited=&#8220;on|desktop&#8220; header_text_shadow_style=&#8220;preset1&#8243; header_text_shadow_horizontal_length=&#8220;0.03em&#8220; header_text_shadow_vertical_length=&#8220;0.01em&#8220; header_text_shadow_color=&#8220;#FFFFFF&#8220; global_colors_info=&#8220;{}&#8220;]<\/p>\n<h1 style=\"text-align: center;\">Stressfreier Umzugs-Service &#8211; <a href=\"tel:+492112395513\">0211 239 55 13<\/a><\/h1>\n<p>[\/et_pb_text][\/et_pb_column][\/et_pb_row][\/et_pb_section][et_pb_section fb_built=&#8220;1&#8243; _builder_version=&#8220;4.16&#8243; background_color=&#8220;#FFFFFF&#8220; height=&#8220;60px&#8220; custom_margin=&#8220;0px|0px|0px|0px|false|false&#8220; custom_padding=&#8220;0px|0px|0px|0px|false|false&#8220; box_shadow_style=&#8220;preset3&#8243; box_shadow_vertical=&#8220;4px&#8220; box_shadow_spread=&#8220;-5px&#8220; box_shadow_color=&#8220;rgba(0,0,0,0.53)&#8220; global_colors_info=&#8220;{}&#8220;][et_pb_row _builder_version=&#8220;4.16&#8243; background_size=&#8220;initial&#8220; background_position=&#8220;top_left&#8220; background_repeat=&#8220;repeat&#8220; height=&#8220;6px&#8220; custom_margin=&#8220;0px||0px||false|false&#8220; custom_padding=&#8220;15px||0px||false|false&#8220; global_colors_info=&#8220;{}&#8220;][et_pb_column type=&#8220;4_4&#8243; _builder_version=&#8220;4.16&#8243; _module_preset=&#8220;default&#8220; global_colors_info=&#8220;{}&#8220;][et_pb_menu menu_style=&#8220;centered&#8220; active_link_color=&#8220;#000000&#8243; _builder_version=&#8220;4.16&#8243; _module_preset=&#8220;default&#8220; menu_font=&#8220;|600|||||||&#8220; menu_text_color=&#8220;#000000&#8243; menu_font_size=&#8220;20px&#8220; global_colors_info=&#8220;{}&#8220;][\/et_pb_menu][\/et_pb_column][\/et_pb_row][\/et_pb_section][et_pb_section fb_built=&#8220;1&#8243; _builder_version=&#8220;4.16&#8243; _module_preset=&#8220;default&#8220; global_colors_info=&#8220;{}&#8220;][et_pb_row _builder_version=&#8220;4.16&#8243; _module_preset=&#8220;default&#8220; global_colors_info=&#8220;{}&#8220;][et_pb_column type=&#8220;4_4&#8243; _builder_version=&#8220;4.16&#8243; _module_preset=&#8220;default&#8220; global_colors_info=&#8220;{}&#8220;][et_pb_text _builder_version=&#8220;4.27.0&#8243; _module_preset=&#8220;default&#8220; text_text_color=&#8220;#000000&#8243; hover_enabled=&#8220;0&#8243; global_colors_info=&#8220;{}&#8220; admin_label=&#8220;lagerung text&#8220; sticky_enabled=&#8220;0&#8243;]<\/p>\n<h1>Lagerung<\/h1>\n<p><strong>Ob privat oder gewerblich \u2013 oft passen die bisherigen M\u00f6bel nicht alle in die neuen R\u00e4umlichkeiten. Genau f\u00fcr diese F\u00e4lle haben wir auf unserem Betriebsgel\u00e4nde eigens konzipierte und gefertigte Container in unterschiedlichen Gr\u00f6\u00dfen. Wir lagern Ihre M\u00f6bel in diesen modernen, verschlie\u00dfbaren Containern solange Sie es w\u00fcnschen. Die Abrechnung erfolgt, anders als bei anderen Anbietern, taggenau. Sie behalten die notwendige Flexibilit\u00e4t und k\u00f6nnen sicher sein, dass Ihre \u201eguten St\u00fccke\u201c sicher eingelagert sind\u2026<\/strong><\/p>\n<p>Egal ob es sich um ganze Hausst\u00e4nde handelt, z. B. weil Handwerker einen p\u00fcnktlichen Einzug verhindern. Oder ob Sie einzelne M\u00f6belst\u00fccke, wie den zu gro\u00dfen Kleiderschrank oder Esstisch vor\u00fcbergehend nicht nutzen k\u00f6nnen oder wollen.<\/p>\n<p>Unsere sicheren und eigens gefertigten Container bieten die perfekte L\u00f6sung f\u00fcr eine effiziente Zwischenlagerung \u2013 egal wie lange und wieviel Sie einlagern wollen \u2013 bei S\u00e4gewerk Transporte k\u00fcmmert sich ein erfahrener Lagermeister um Ihr Hab und Gut. Hier finden Sie eine kleine \u00dcbersicht unseres gro\u00dfen Lagerangebots:<\/p>\n<ul>\n<li>Palette \u00e0 25,00 \u20ac zzgl. MwSt.<\/li>\n<li>kleiner Container: ca. 7,50m\u00b3 \u00e0 55,00 \u20ac zzgl. MwSt.<\/li>\n<li>mittlerer Container: ca. 15m\u00b3 \u00e0 100,00 \u20ac zzgl. MwSt.<\/li>\n<li>gro\u00dfer Container: ca. 30m\u00b3 \u00e0 190,00 \u20ac zzgl. MwSt.<\/li>\n<li>individuelle Lagerm\u00f6glichkeiten auf Anfrage<\/li>\n<\/ul>\n<p>Die Abrechnung erfolgt nach Ende des ersten Monats taggenau.<br \/>Bei uns gibt es nach diesem ersten Monat keine K\u00fcndigungsfrist &#8211; so erhalten Sie sich<br \/>ein H\u00f6chstma\u00df an Flexibilit\u00e4t.<\/p>\n<p><strong>Telefon<\/strong> <a title=\"Direktwahl nur f\u00fcr Mobilger\u00e4te\" href=\"tel:+492112395513\">0211 239 55 13<\/a><br \/><a title=\"Schreiben Sie uns eine E-Mail\" href=\"mailto:info@saegewerk-transporte.de\">info@saegewerk-transporte.de<\/a><\/p>\n<p>[\/et_pb_text][\/et_pb_column][\/et_pb_row][\/et_pb_section]<\/p>\n","protected":false},"excerpt":{"rendered":"<p>Stressfreier Umzugs-Service &#8211; 0211 239 55 13Lagerung Ob privat oder gewerblich \u2013 oft passen die bisherigen M\u00f6bel nicht alle in die neuen R\u00e4umlichkeiten. Genau f\u00fcr diese F\u00e4lle haben wir auf unserem Betriebsgel\u00e4nde eigens konzipierte und gefertigte Container in unterschiedlichen Gr\u00f6\u00dfen. Wir lagern Ihre M\u00f6bel in diesen modernen, verschlie\u00dfbaren Containern solange Sie es w\u00fcnschen. Die Abrechnung [&hellip;]<\/p>\n","protected":false},"author":1,"featured_media":0,"parent":0,"menu_order":0,"comment_status":"closed","ping_status":"closed","template":"","meta":{"_et_pb_use_builder":"on","_et_pb_old_content":"","_et_gb_content_width":"","footnotes":""},"class_list":["post-177","page","type-page","status-publish","hentry"],"_links":{"self":[{"href":"https:\/\/www.saegewerk-transporte.de\/de\/wp-json\/wp\/v2\/pages\/177","targetHints":{"allow":["GET"]}}],"collection":[{"href":"https:\/\/www.saegewerk-transporte.de\/de\/wp-json\/wp\/v2\/pages"}],"about":[{"href":"https:\/\/www.saegewerk-transporte.de\/de\/wp-json\/wp\/v2\/types\/page"}],"author":[{"embeddable":true,"href":"https:\/\/www.saegewerk-transporte.de\/de\/wp-json\/wp\/v2\/users\/1"}],"replies":[{"embeddable":true,"href":"https:\/\/www.saegewerk-transporte.de\/de\/wp-json\/wp\/v2\/comments?post=177"}],"version-history":[{"count":3,"href":"https:\/\/www.saegewerk-transporte.de\/de\/wp-json\/wp\/v2\/pages\/177\/revisions"}],"predecessor-version":[{"id":239820,"href":"https:\/\/www.saegewerk-transporte.de\/de\/wp-json\/wp\/v2\/pages\/177\/revisions\/239820"}],"wp:attachment":[{"href":"https:\/\/www.saegewerk-transporte.de\/de\/wp-json\/wp\/v2\/media?parent=177"}],"curies":[{"name":"wp","href":"https:\/\/api.w.org\/{rel}","templated":true}]}}