{"id":171,"date":"2021-02-17T09:10:11","date_gmt":"2021-02-17T08:10:11","guid":{"rendered":"https:\/\/www.saegewerk-transporte.de\/de\/?page_id=171"},"modified":"2021-05-05T17:46:29","modified_gmt":"2021-05-05T15:46:29","slug":"nachhaltigkeit","status":"publish","type":"page","link":"https:\/\/www.saegewerk-transporte.de\/de\/nachhaltigkeit\/","title":{"rendered":"Nachhaltigkeit"},"content":{"rendered":"<p>[et_pb_section fb_built=&#8220;1&#8243; _builder_version=&#8220;4.9.1&#8243; _module_preset=&#8220;default&#8220; custom_margin=&#8220;0px||0px||false|false&#8220; custom_padding=&#8220;0px||0px||false|false&#8220;][et_pb_row _builder_version=&#8220;4.9.1&#8243; _module_preset=&#8220;default&#8220; background_image=&#8220;https:\/\/www.saegewerk-transporte.de\/de\/wp-content\/uploads\/2021\/03\/header-bunt.jpg&#8220; width=&#8220;100%&#8220; max_width=&#8220;100%&#8220; height=&#8220;100px&#8220; custom_margin=&#8220;0px||0px||false|false&#8220; custom_padding=&#8220;0px||0px||false|false&#8220;][et_pb_column type=&#8220;4_4&#8243; _builder_version=&#8220;4.9.1&#8243; _module_preset=&#8220;default&#8220;][et_pb_text admin_label=&#8220;stressfreier umzugsservice&#8220; _builder_version=&#8220;4.9.2&#8243; text_font=&#8220;||||||||&#8220; text_text_color=&#8220;#000000&#8243; text_font_size=&#8220;18px&#8220; text_line_height=&#8220;2.1em&#8220; header_font=&#8220;Oswald|500|||||||&#8220; header_text_color=&#8220;#141414&#8243; header_font_size=&#8220;60px&#8220; header_line_height=&#8220;1.4em&#8220; background_layout=&#8220;dark&#8220; custom_margin=&#8220;||||false|false&#8220; custom_padding=&#8220;||||false|false&#8220; text_font_size_tablet=&#8220;&#8220; text_font_size_phone=&#8220;15px&#8220; text_font_size_last_edited=&#8220;on|phone&#8220; header_font_tablet=&#8220;&#8220; header_font_phone=&#8220;&#8220; header_font_last_edited=&#8220;on|phone&#8220; header_font_size_tablet=&#8220;39px&#8220; header_font_size_phone=&#8220;31px&#8220; header_font_size_last_edited=&#8220;on|desktop&#8220; header_text_shadow_style=&#8220;preset1&#8243; header_text_shadow_horizontal_length=&#8220;0.03em&#8220; header_text_shadow_vertical_length=&#8220;0.01em&#8220; header_text_shadow_color=&#8220;#FFFFFF&#8220;]<\/p>\n<h1 style=\"text-align: center;\">Stressfreier Umzugs-Service &#8211; <a href=\"tel:+492112395513\">0211 239 55 13<\/a><\/h1>\n<p>[\/et_pb_text][\/et_pb_column][\/et_pb_row][\/et_pb_section][et_pb_section fb_built=&#8220;1&#8243; _builder_version=&#8220;4.9.3&#8243; background_color=&#8220;#FFFFFF&#8220; height=&#8220;60px&#8220; custom_margin=&#8220;0px|0px|0px|0px|false|false&#8220; custom_padding=&#8220;0px|0px|0px|0px|false|false&#8220; box_shadow_style=&#8220;preset3&#8243; box_shadow_vertical=&#8220;4px&#8220; box_shadow_spread=&#8220;-5px&#8220; box_shadow_color=&#8220;rgba(0,0,0,0.53)&#8220;][et_pb_row _builder_version=&#8220;4.9.3&#8243; background_size=&#8220;initial&#8220; background_position=&#8220;top_left&#8220; background_repeat=&#8220;repeat&#8220; height=&#8220;6px&#8220; custom_margin=&#8220;0px||0px||false|false&#8220; custom_padding=&#8220;15px||0px||false|false&#8220;][et_pb_column type=&#8220;4_4&#8243; _builder_version=&#8220;4.9.3&#8243; _module_preset=&#8220;default&#8220;][et_pb_menu menu_style=&#8220;centered&#8220; active_link_color=&#8220;#000000&#8243; _builder_version=&#8220;4.9.3&#8243; _module_preset=&#8220;default&#8220; menu_font=&#8220;|600|||||||&#8220; menu_text_color=&#8220;#000000&#8243; menu_font_size=&#8220;20px&#8220;][\/et_pb_menu][\/et_pb_column][\/et_pb_row][\/et_pb_section][et_pb_section fb_built=&#8220;1&#8243; _builder_version=&#8220;4.9.3&#8243; _module_preset=&#8220;default&#8220;][et_pb_row column_structure=&#8220;1_2,1_2&#8243; _builder_version=&#8220;4.9.3&#8243; _module_preset=&#8220;default&#8220;][et_pb_column type=&#8220;1_2&#8243; _builder_version=&#8220;4.9.3&#8243; _module_preset=&#8220;default&#8220;][et_pb_image src=&#8220;https:\/\/www.saegewerk-transporte.de\/de\/wp-content\/uploads\/2021\/05\/saegewerk-transporte-nachhaltigkeit.jpg&#8220; title_text=&#8220;saegewerk-transporte-nachhaltigkeit&#8220; _builder_version=&#8220;4.9.4&#8243; _module_preset=&#8220;default&#8220;][\/et_pb_image][\/et_pb_column][et_pb_column type=&#8220;1_2&#8243; _builder_version=&#8220;4.9.3&#8243; _module_preset=&#8220;default&#8220;][et_pb_text _builder_version=&#8220;4.9.4&#8243; _module_preset=&#8220;default&#8220; hover_enabled=&#8220;0&#8243; sticky_enabled=&#8220;0&#8243;]<\/p>\n<h1>Nachhaltigkeit<\/h1>\n<p>Es gibt Begrifflichkeiten die passen auf den ersten Blick \u00fcberhaupt nicht zusammen. Wie zum Beispiel Umzug und Nachhaltigkeit. Wir von S\u00e4gewerk Transporte legen viel Wert darauf, dass sich das \u00e4ndert und haben schon viele kleine Schritte in die richtige Richtung getan. Beginnen wir mal mit dem Klebeband: Hier wissen die meisten Menschen nicht, dass es auch ohne Kunststoff geht. Wir von S\u00e4gewerk Transporte verwenden bereits seit Jahren Klebeband auf Papierbasis. Es erf\u00fcllt den selben Zweck und ist viel besser f\u00fcr die Umwelt. Oder diese gro\u00dfe Anzahl an Kartons \u2013 was passiert damit eigentlich? F\u00fcr S\u00e4gewerk Transporte f\u00e4ngt die Nachhaltigkeit auf die Kartonagen bezogen bereits beim Einkauf und der Produktion an. Alle Kartons von S\u00e4gewerk Transporte haben eine hohe Qualit\u00e4t und sind \u201eMade in Germany\u201c. Das bedeutet kurze Transportwege und somit weniger Belastung f\u00fcr die Umwelt. Au\u00dferdem werden alle Umzugskartons von S\u00e4gewerk Transporte mehrfach verwendet und dann recycelt.<\/p>\n<p>Die Container in der firmeneigenen Lagerhalle sind nach eigenem S\u00e4gewerk Transporte Konzept geplant und aus OSB-Platten gefertigt. Diese sind aus recycelten Grundstoffen produziert.<\/p>\n<p>Bereits seit mehr als 10 Jahren befindet sich eine 1600 Quadratmeter gro\u00dfe Photovoltaik-Anlage auf dem Dach und produziert so \u00f6kologisch sauberen Strom.<\/p>\n<p>Der Fuhrpark von S\u00e4gewerk Transporte besteht aus hauts\u00e4chlich verbrauchsarmen Fahrzeugen der Euronorm 5 und 6. Und ein weiteres gro\u00dfes Plus ist, dass S\u00e4gewerk Transporte mit den eigenen Wechselbr\u00fccken immer mehr G\u00fcter von der Stra\u00dfe auf die Schiene verlagert.<\/p>\n<p>\u00dcbrigens: S\u00e4gewerk Transporte nimmt jegliches Packmaterial nach dem Umzug wieder mit und sorgt f\u00fcr die fachgerechte Entsorgung oder Wiederverwertung.<\/p>\n<p>&nbsp;<\/p>\n<p>[\/et_pb_text][\/et_pb_column][\/et_pb_row][\/et_pb_section]<\/p>\n","protected":false},"excerpt":{"rendered":"<p>Stressfreier Umzugs-Service &#8211; 0211 239 55 13Nachhaltigkeit Es gibt Begrifflichkeiten die passen auf den ersten Blick \u00fcberhaupt nicht zusammen. Wie zum Beispiel Umzug und Nachhaltigkeit. Wir von S\u00e4gewerk Transporte legen viel Wert darauf, dass sich das \u00e4ndert und haben schon viele kleine Schritte in die richtige Richtung getan. Beginnen wir mal mit dem Klebeband: Hier [&hellip;]<\/p>\n","protected":false},"author":1,"featured_media":0,"parent":0,"menu_order":0,"comment_status":"closed","ping_status":"closed","template":"","meta":{"_et_pb_use_builder":"on","_et_pb_old_content":"","_et_gb_content_width":"","footnotes":""},"class_list":["post-171","page","type-page","status-publish","hentry"],"_links":{"self":[{"href":"https:\/\/www.saegewerk-transporte.de\/de\/wp-json\/wp\/v2\/pages\/171","targetHints":{"allow":["GET"]}}],"collection":[{"href":"https:\/\/www.saegewerk-transporte.de\/de\/wp-json\/wp\/v2\/pages"}],"about":[{"href":"https:\/\/www.saegewerk-transporte.de\/de\/wp-json\/wp\/v2\/types\/page"}],"author":[{"embeddable":true,"href":"https:\/\/www.saegewerk-transporte.de\/de\/wp-json\/wp\/v2\/users\/1"}],"replies":[{"embeddable":true,"href":"https:\/\/www.saegewerk-transporte.de\/de\/wp-json\/wp\/v2\/comments?post=171"}],"version-history":[{"count":3,"href":"https:\/\/www.saegewerk-transporte.de\/de\/wp-json\/wp\/v2\/pages\/171\/revisions"}],"predecessor-version":[{"id":1141,"href":"https:\/\/www.saegewerk-transporte.de\/de\/wp-json\/wp\/v2\/pages\/171\/revisions\/1141"}],"wp:attachment":[{"href":"https:\/\/www.saegewerk-transporte.de\/de\/wp-json\/wp\/v2\/media?parent=171"}],"curies":[{"name":"wp","href":"https:\/\/api.w.org\/{rel}","templated":true}]}}